{"id":931,"date":"2020-11-08T19:47:53","date_gmt":"2020-11-08T18:47:53","guid":{"rendered":"http:\/\/osurjma.cluster030.hosting.ovh.net\/?post_type=product&#038;p=931"},"modified":"2025-10-13T13:52:27","modified_gmt":"2025-10-13T12:52:27","slug":"les-hirondelles-2024","status":"publish","type":"product","link":"https:\/\/chaintres.fr\/en\/product\/les-hirondelles-2024\/","title":{"rendered":"Les Hirondelles 2024"},"content":{"rendered":"<p><a href=\"https:\/\/chaintres.fr\/wp-content\/uploads\/2024\/04\/Les-hirondelles-2023-pdf.pdf\">Voir la fiche technique<\/a><\/p>\n<p><a href=\"https:\/\/chaintres.fr\/en\/recompenses\/#les-hirondelles\">Voir R\u00e9compenses<\/a><\/p>","protected":false},"excerpt":{"rendered":"<p>Vendange manuelle en caisses ajour\u00e9es, tri \u00e0 la vigne et au cellier avant encuvage par tapis. \u00c9grappage total, mac\u00e9ration de 6 heures. Pressurage pneumatique avec s\u00e9paration des tailles. Fermentation en cuve inox thermor\u00e9gul\u00e9e \u00e0 une temp\u00e9rature de 17\u00b0C. \u00c9levage sur lie fine durant 3 mois.<\/p>\n<p><strong>Robe:<\/strong> rose saumon\u00e9e, belle brillance.<br \/>\n<strong>Nez:<\/strong> \u00e9pic\u00e9, petits fruits rouges (groseilles, fraises des bois).<br \/>\n<strong>Bouche:<\/strong> vin frais et ample en d\u00e9but de bouche, laissant place \u00e0 une bouche suave et rac\u00e9e et une mati\u00e8re croquante, sur le fruit. Finale min\u00e9rale sur les baies rouges.<br \/>\n<strong>Accord mets vins:<\/strong> id\u00e9al en ap\u00e9ritif, charcuterie, avec des viandes blanches, tarte aux fraises.<\/p>","protected":false},"featured_media":1002241,"comment_status":"open","ping_status":"closed","template":"","meta":{"_vp_format_video_url":"","_vp_image_focal_point":[]},"product_cat":[27],"product_tag":[37],"class_list":{"0":"post-931","1":"product","2":"type-product","3":"status-publish","4":"has-post-thumbnail","6":"product_cat-saumur-rose","7":"product_tag-chaintres","8":"pa_cepage-cabernet-franc","10":"entry","11":"has-media","13":"first","14":"instock","15":"featured","16":"taxable","17":"shipping-taxable","18":"purchasable","19":"product-type-simple","20":"has-product-nav","21":"col","22":"span_1_of_3","23":"owp-content-center","24":"owp-thumbs-layout-horizontal","25":"owp-btn-normal","26":"owp-tabs-layout-horizontal"},"yoast_head":"<!-- This site is optimized with the Yoast SEO plugin v21.8 - https:\/\/yoast.com\/wordpress\/plugins\/seo\/ -->\n<title>Les Hirondelles 2024 - Chateau de Chaintres<\/title>\n<meta name=\"description\" content=\"D\u00e9couvrez le ros\u00e9 Les Hirondelles 2024 du Ch\u00e2teau de Chaintres, un Saumur Ros\u00e9 frais et fruit\u00e9, id\u00e9al \u00e0 savourer au printemps et en \u00e9t\u00e9.\" \/>\n<meta name=\"robots\" content=\"index, follow, max-snippet:-1, max-image-preview:large, max-video-preview:-1\" \/>\n<link rel=\"canonical\" href=\"https:\/\/chaintres.fr\/en\/product\/les-hirondelles-2024\/\" \/>\n<meta property=\"og:locale\" content=\"en_US\" \/>\n<meta property=\"og:type\" content=\"article\" \/>\n<meta property=\"og:title\" content=\"Les Hirondelles 2024 - Chateau de Chaintres\" \/>\n<meta property=\"og:description\" content=\"D\u00e9couvrez le ros\u00e9 Les Hirondelles 2024 du Ch\u00e2teau de Chaintres, un Saumur Ros\u00e9 frais et fruit\u00e9, id\u00e9al \u00e0 savourer au printemps et en \u00e9t\u00e9.\" \/>\n<meta property=\"og:url\" content=\"https:\/\/chaintres.fr\/en\/product\/les-hirondelles-2024\/\" \/>\n<meta property=\"og:site_name\" content=\"Chateau de Chaintres\" \/>\n<meta property=\"article:publisher\" content=\"https:\/\/www.facebook.com\/Ch%c3%a2teau-de-Chaintres-233665606700511\/\" \/>\n<meta property=\"article:modified_time\" content=\"2025-10-13T12:52:27+00:00\" \/>\n<meta property=\"og:image\" content=\"https:\/\/chaintres.fr\/wp-content\/uploads\/2020\/11\/bt_les_hirondelles-180x500-1.jpg\" \/>\n\t<meta property=\"og:image:width\" content=\"180\" \/>\n\t<meta property=\"og:image:height\" content=\"500\" \/>\n\t<meta property=\"og:image:type\" content=\"image\/jpeg\" \/>\n<meta name=\"twitter:card\" content=\"summary_large_image\" \/>\n<meta name=\"twitter:site\" content=\"@chaintres\" \/>\n<meta name=\"twitter:label1\" content=\"Est. reading time\" \/>\n\t<meta name=\"twitter:data1\" content=\"1 minute\" \/>\n<script type=\"application\/ld+json\" class=\"yoast-schema-graph\">{\"@context\":\"https:\/\/schema.org\",\"@graph\":[{\"@type\":\"WebPage\",\"@id\":\"https:\/\/chaintres.fr\/product\/les-hirondelles-2024\/\",\"url\":\"https:\/\/chaintres.fr\/product\/les-hirondelles-2024\/\",\"name\":\"Les Hirondelles 2024 - Chateau de Chaintres\",\"isPartOf\":{\"@id\":\"https:\/\/chaintres.fr\/#website\"},\"datePublished\":\"2020-11-08T18:47:53+00:00\",\"dateModified\":\"2025-10-13T12:52:27+00:00\",\"description\":\"D\u00e9couvrez le ros\u00e9 Les Hirondelles 2024 du Ch\u00e2teau de Chaintres, un Saumur Ros\u00e9 frais et fruit\u00e9, id\u00e9al \u00e0 savourer au printemps et en \u00e9t\u00e9.\",\"breadcrumb\":{\"@id\":\"https:\/\/chaintres.fr\/product\/les-hirondelles-2024\/#breadcrumb\"},\"inLanguage\":\"en-US\",\"potentialAction\":[{\"@type\":\"ReadAction\",\"target\":[\"https:\/\/chaintres.fr\/product\/les-hirondelles-2024\/\"]}]},{\"@type\":\"BreadcrumbList\",\"@id\":\"https:\/\/chaintres.fr\/product\/les-hirondelles-2024\/#breadcrumb\",\"itemListElement\":[{\"@type\":\"ListItem\",\"position\":1,\"name\":\"Home\",\"item\":\"https:\/\/chaintres.fr\/\"},{\"@type\":\"ListItem\",\"position\":2,\"name\":\"Boutique\",\"item\":\"https:\/\/chaintres.fr\/boutique\/\"},{\"@type\":\"ListItem\",\"position\":3,\"name\":\"Les Hirondelles 2024\"}]},{\"@type\":\"WebSite\",\"@id\":\"https:\/\/chaintres.fr\/#website\",\"url\":\"https:\/\/chaintres.fr\/\",\"name\":\"Chateau de Chaintres\",\"description\":\"Saumur Champigny\",\"publisher\":{\"@id\":\"https:\/\/chaintres.fr\/#organization\"},\"potentialAction\":[{\"@type\":\"SearchAction\",\"target\":{\"@type\":\"EntryPoint\",\"urlTemplate\":\"https:\/\/chaintres.fr\/?s={search_term_string}\"},\"query-input\":\"required name=search_term_string\"}],\"inLanguage\":\"en-US\"},{\"@type\":\"Organization\",\"@id\":\"https:\/\/chaintres.fr\/#organization\",\"name\":\"Chateau de Chaintres\",\"url\":\"https:\/\/chaintres.fr\/\",\"logo\":{\"@type\":\"ImageObject\",\"inLanguage\":\"en-US\",\"@id\":\"https:\/\/chaintres.fr\/#\/schema\/logo\/image\/\",\"url\":\"https:\/\/chaintres.fr\/wp-content\/uploads\/2020\/10\/site-logo_header.png\",\"contentUrl\":\"https:\/\/chaintres.fr\/wp-content\/uploads\/2020\/10\/site-logo_header.png\",\"width\":1167,\"height\":250,\"caption\":\"Chateau de Chaintres\"},\"image\":{\"@id\":\"https:\/\/chaintres.fr\/#\/schema\/logo\/image\/\"},\"sameAs\":[\"https:\/\/www.facebook.com\/Ch\u00e2teau-de-Chaintres-233665606700511\/\",\"https:\/\/twitter.com\/chaintres\",\"https:\/\/www.instagram.com\/chateau_de_chaintres\/\"]}]}<\/script>\n<!-- \/ Yoast SEO plugin. -->","yoast_head_json":{"title":"Les Hirondelles 2024 - Chateau de Chaintres","description":"D\u00e9couvrez le ros\u00e9 Les Hirondelles 2024 du Ch\u00e2teau de Chaintres, un Saumur Ros\u00e9 frais et fruit\u00e9, id\u00e9al \u00e0 savourer au printemps et en \u00e9t\u00e9.","robots":{"index":"index","follow":"follow","max-snippet":"max-snippet:-1","max-image-preview":"max-image-preview:large","max-video-preview":"max-video-preview:-1"},"canonical":"https:\/\/chaintres.fr\/en\/product\/les-hirondelles-2024\/","og_locale":"en_US","og_type":"article","og_title":"Les Hirondelles 2024 - Chateau de Chaintres","og_description":"D\u00e9couvrez le ros\u00e9 Les Hirondelles 2024 du Ch\u00e2teau de Chaintres, un Saumur Ros\u00e9 frais et fruit\u00e9, id\u00e9al \u00e0 savourer au printemps et en \u00e9t\u00e9.","og_url":"https:\/\/chaintres.fr\/en\/product\/les-hirondelles-2024\/","og_site_name":"Chateau de Chaintres","article_publisher":"https:\/\/www.facebook.com\/Ch%c3%a2teau-de-Chaintres-233665606700511\/","article_modified_time":"2025-10-13T12:52:27+00:00","og_image":[{"width":180,"height":500,"url":"https:\/\/chaintres.fr\/wp-content\/uploads\/2020\/11\/bt_les_hirondelles-180x500-1.jpg","type":"image\/jpeg"}],"twitter_card":"summary_large_image","twitter_site":"@chaintres","twitter_misc":{"Est. reading time":"1 minute"},"schema":{"@context":"https:\/\/schema.org","@graph":[{"@type":"WebPage","@id":"https:\/\/chaintres.fr\/product\/les-hirondelles-2024\/","url":"https:\/\/chaintres.fr\/product\/les-hirondelles-2024\/","name":"Les Hirondelles 2024 - Chateau de Chaintres","isPartOf":{"@id":"https:\/\/chaintres.fr\/#website"},"datePublished":"2020-11-08T18:47:53+00:00","dateModified":"2025-10-13T12:52:27+00:00","description":"D\u00e9couvrez le ros\u00e9 Les Hirondelles 2024 du Ch\u00e2teau de Chaintres, un Saumur Ros\u00e9 frais et fruit\u00e9, id\u00e9al \u00e0 savourer au printemps et en \u00e9t\u00e9.","breadcrumb":{"@id":"https:\/\/chaintres.fr\/product\/les-hirondelles-2024\/#breadcrumb"},"inLanguage":"en-US","potentialAction":[{"@type":"ReadAction","target":["https:\/\/chaintres.fr\/product\/les-hirondelles-2024\/"]}]},{"@type":"BreadcrumbList","@id":"https:\/\/chaintres.fr\/product\/les-hirondelles-2024\/#breadcrumb","itemListElement":[{"@type":"ListItem","position":1,"name":"Home","item":"https:\/\/chaintres.fr\/"},{"@type":"ListItem","position":2,"name":"Boutique","item":"https:\/\/chaintres.fr\/boutique\/"},{"@type":"ListItem","position":3,"name":"Les Hirondelles 2024"}]},{"@type":"WebSite","@id":"https:\/\/chaintres.fr\/#website","url":"https:\/\/chaintres.fr\/","name":"Chateau de Chaintres","description":"Saumur Champigny","publisher":{"@id":"https:\/\/chaintres.fr\/#organization"},"potentialAction":[{"@type":"SearchAction","target":{"@type":"EntryPoint","urlTemplate":"https:\/\/chaintres.fr\/?s={search_term_string}"},"query-input":"required name=search_term_string"}],"inLanguage":"en-US"},{"@type":"Organization","@id":"https:\/\/chaintres.fr\/#organization","name":"Chateau de Chaintres","url":"https:\/\/chaintres.fr\/","logo":{"@type":"ImageObject","inLanguage":"en-US","@id":"https:\/\/chaintres.fr\/#\/schema\/logo\/image\/","url":"https:\/\/chaintres.fr\/wp-content\/uploads\/2020\/10\/site-logo_header.png","contentUrl":"https:\/\/chaintres.fr\/wp-content\/uploads\/2020\/10\/site-logo_header.png","width":1167,"height":250,"caption":"Chateau de Chaintres"},"image":{"@id":"https:\/\/chaintres.fr\/#\/schema\/logo\/image\/"},"sameAs":["https:\/\/www.facebook.com\/Ch\u00e2teau-de-Chaintres-233665606700511\/","https:\/\/twitter.com\/chaintres","https:\/\/www.instagram.com\/chateau_de_chaintres\/"]}]}},"_links":{"self":[{"href":"https:\/\/chaintres.fr\/en\/wp-json\/wp\/v2\/product\/931","targetHints":{"allow":["GET"]}}],"collection":[{"href":"https:\/\/chaintres.fr\/en\/wp-json\/wp\/v2\/product"}],"about":[{"href":"https:\/\/chaintres.fr\/en\/wp-json\/wp\/v2\/types\/product"}],"replies":[{"embeddable":true,"href":"https:\/\/chaintres.fr\/en\/wp-json\/wp\/v2\/comments?post=931"}],"wp:featuredmedia":[{"embeddable":true,"href":"https:\/\/chaintres.fr\/en\/wp-json\/wp\/v2\/media\/1002241"}],"wp:attachment":[{"href":"https:\/\/chaintres.fr\/en\/wp-json\/wp\/v2\/media?parent=931"}],"wp:term":[{"taxonomy":"product_cat","embeddable":true,"href":"https:\/\/chaintres.fr\/en\/wp-json\/wp\/v2\/product_cat?post=931"},{"taxonomy":"product_tag","embeddable":true,"href":"https:\/\/chaintres.fr\/en\/wp-json\/wp\/v2\/product_tag?post=931"}],"curies":[{"name":"wp","href":"https:\/\/api.w.org\/{rel}","templated":true}]}}