{"id":929,"date":"2020-11-08T19:45:09","date_gmt":"2020-11-08T18:45:09","guid":{"rendered":"http:\/\/osurjma.cluster030.hosting.ovh.net\/?post_type=product&#038;p=929"},"modified":"2025-10-13T14:12:04","modified_gmt":"2025-10-13T13:12:04","slug":"dames-de-chaintres-2023","status":"publish","type":"product","link":"https:\/\/chaintres.fr\/en\/product\/dames-de-chaintres-2023\/","title":{"rendered":"Dames de Chaintres 2023"},"content":{"rendered":"<p><a href=\"https:\/\/chaintres.fr\/wp-content\/uploads\/2024\/04\/DAMES-DE-CHAINTRES-2023.pdf\">Voir la fiche technique<\/a><\/p>","protected":false},"excerpt":{"rendered":"<p><strong>Localisation:<\/strong> Dampierre sur Loire, lieu-dit Chaintre<br \/>\n<strong>Terroir:<\/strong> alt\u00e9ration de craie verte (tuffeau)<br \/>\n<strong>Etage:<\/strong> turonien moyen<br \/>\n<strong>Age moyen des vignes:<\/strong> sup\u00e9rieur \u00e0 80 ans<br \/>\n<strong>Enc\u00e9pagement:<\/strong> 100% chenin<\/p>\n<p><strong>Robe:<\/strong> jaune dor\u00e9 aux reflets brillants<br \/>\n<strong>Nez:<\/strong> nez d\u2019agrumes frais<br \/>\n<strong>Bouche:<\/strong> attaque franche, la bouche est ample et \u00e9l\u00e9gante. Les agrumes r\u00e9v\u00e8lent toute leur fra\u00eecheur. La min\u00e9ralit\u00e9 que lui conf\u00e8rent nos sols de tuffeaux donne du relief. Il finit sur une note d&rsquo;\u00e9pices, longue et plaisante.<br \/>\n<strong>Accord mets vins:<\/strong> viandes blanches, plats en sauces et crustac\u00e9s.<\/p>","protected":false},"featured_media":1002656,"comment_status":"open","ping_status":"closed","template":"","meta":{"_vp_format_video_url":"","_vp_image_focal_point":[]},"product_cat":[26],"product_tag":[37],"class_list":{"0":"post-929","1":"product","2":"type-product","3":"status-publish","4":"has-post-thumbnail","6":"product_cat-saumur-blanc","7":"product_tag-chaintres","8":"pa_cepage-chenin","10":"entry","11":"has-media","13":"first","14":"instock","15":"taxable","16":"shipping-taxable","17":"purchasable","18":"product-type-simple","19":"has-product-nav","20":"col","21":"span_1_of_3","22":"owp-content-center","23":"owp-thumbs-layout-horizontal","24":"owp-btn-normal","25":"owp-tabs-layout-horizontal"},"yoast_head":"<!-- This site is optimized with the Yoast SEO plugin v21.8 - https:\/\/yoast.com\/wordpress\/plugins\/seo\/ -->\n<title>Dames de Chaintres 2023 - Chateau de Chaintres<\/title>\n<meta name=\"robots\" content=\"index, follow, max-snippet:-1, max-image-preview:large, max-video-preview:-1\" \/>\n<link rel=\"canonical\" href=\"https:\/\/chaintres.fr\/en\/product\/dames-de-chaintres-2023\/\" \/>\n<meta property=\"og:locale\" content=\"en_US\" \/>\n<meta property=\"og:type\" content=\"article\" \/>\n<meta property=\"og:title\" content=\"Dames de Chaintres 2023 - Chateau de Chaintres\" \/>\n<meta property=\"og:description\" content=\"Localisation: Dampierre sur Loire, lieu-dit Chaintre Terroir: alt\u00e9ration de craie verte (tuffeau) Etage: turonien moyen Age moyen des vignes: sup\u00e9rieur \u00e0 80 ans Enc\u00e9pagement: 100% chenin  Robe: jaune dor\u00e9 aux reflets brillants Nez: nez d\u2019agrumes frais Bouche: attaque franche, la bouche est ample et \u00e9l\u00e9gante. Les agrumes r\u00e9v\u00e8lent toute leur fra\u00eecheur. La min\u00e9ralit\u00e9 que lui conf\u00e8rent nos sols de tuffeaux donne du relief. Il finit sur une note d&#039;\u00e9pices, longue et plaisante. Accord mets vins: viandes blanches, plats en sauces et crustac\u00e9s.\" \/>\n<meta property=\"og:url\" content=\"https:\/\/chaintres.fr\/en\/product\/dames-de-chaintres-2023\/\" \/>\n<meta property=\"og:site_name\" content=\"Chateau de Chaintres\" \/>\n<meta property=\"article:publisher\" content=\"https:\/\/www.facebook.com\/Ch%c3%a2teau-de-Chaintres-233665606700511\/\" \/>\n<meta property=\"article:modified_time\" content=\"2025-10-13T13:12:04+00:00\" \/>\n<meta property=\"og:image\" content=\"https:\/\/chaintres.fr\/wp-content\/uploads\/2020\/11\/Polish_20231025_103953932.jpg\" \/>\n\t<meta property=\"og:image:width\" content=\"168\" \/>\n\t<meta property=\"og:image:height\" content=\"500\" \/>\n\t<meta property=\"og:image:type\" content=\"image\/jpeg\" \/>\n<meta name=\"twitter:card\" content=\"summary_large_image\" \/>\n<meta name=\"twitter:site\" content=\"@chaintres\" \/>\n<script type=\"application\/ld+json\" class=\"yoast-schema-graph\">{\"@context\":\"https:\/\/schema.org\",\"@graph\":[{\"@type\":\"WebPage\",\"@id\":\"https:\/\/chaintres.fr\/product\/dames-de-chaintres-2023\/\",\"url\":\"https:\/\/chaintres.fr\/product\/dames-de-chaintres-2023\/\",\"name\":\"Dames de Chaintres 2023 - Chateau de Chaintres\",\"isPartOf\":{\"@id\":\"https:\/\/chaintres.fr\/#website\"},\"datePublished\":\"2020-11-08T18:45:09+00:00\",\"dateModified\":\"2025-10-13T13:12:04+00:00\",\"breadcrumb\":{\"@id\":\"https:\/\/chaintres.fr\/product\/dames-de-chaintres-2023\/#breadcrumb\"},\"inLanguage\":\"en-US\",\"potentialAction\":[{\"@type\":\"ReadAction\",\"target\":[\"https:\/\/chaintres.fr\/product\/dames-de-chaintres-2023\/\"]}]},{\"@type\":\"BreadcrumbList\",\"@id\":\"https:\/\/chaintres.fr\/product\/dames-de-chaintres-2023\/#breadcrumb\",\"itemListElement\":[{\"@type\":\"ListItem\",\"position\":1,\"name\":\"Home\",\"item\":\"https:\/\/chaintres.fr\/\"},{\"@type\":\"ListItem\",\"position\":2,\"name\":\"Boutique\",\"item\":\"https:\/\/chaintres.fr\/boutique\/\"},{\"@type\":\"ListItem\",\"position\":3,\"name\":\"Dames de Chaintres 2023\"}]},{\"@type\":\"WebSite\",\"@id\":\"https:\/\/chaintres.fr\/#website\",\"url\":\"https:\/\/chaintres.fr\/\",\"name\":\"Chateau de Chaintres\",\"description\":\"Saumur Champigny\",\"publisher\":{\"@id\":\"https:\/\/chaintres.fr\/#organization\"},\"potentialAction\":[{\"@type\":\"SearchAction\",\"target\":{\"@type\":\"EntryPoint\",\"urlTemplate\":\"https:\/\/chaintres.fr\/?s={search_term_string}\"},\"query-input\":\"required name=search_term_string\"}],\"inLanguage\":\"en-US\"},{\"@type\":\"Organization\",\"@id\":\"https:\/\/chaintres.fr\/#organization\",\"name\":\"Chateau de Chaintres\",\"url\":\"https:\/\/chaintres.fr\/\",\"logo\":{\"@type\":\"ImageObject\",\"inLanguage\":\"en-US\",\"@id\":\"https:\/\/chaintres.fr\/#\/schema\/logo\/image\/\",\"url\":\"https:\/\/chaintres.fr\/wp-content\/uploads\/2020\/10\/site-logo_header.png\",\"contentUrl\":\"https:\/\/chaintres.fr\/wp-content\/uploads\/2020\/10\/site-logo_header.png\",\"width\":1167,\"height\":250,\"caption\":\"Chateau de Chaintres\"},\"image\":{\"@id\":\"https:\/\/chaintres.fr\/#\/schema\/logo\/image\/\"},\"sameAs\":[\"https:\/\/www.facebook.com\/Ch\u00e2teau-de-Chaintres-233665606700511\/\",\"https:\/\/twitter.com\/chaintres\",\"https:\/\/www.instagram.com\/chateau_de_chaintres\/\"]}]}<\/script>\n<!-- \/ Yoast SEO plugin. -->","yoast_head_json":{"title":"Dames de Chaintres 2023 - Chateau de Chaintres","robots":{"index":"index","follow":"follow","max-snippet":"max-snippet:-1","max-image-preview":"max-image-preview:large","max-video-preview":"max-video-preview:-1"},"canonical":"https:\/\/chaintres.fr\/en\/product\/dames-de-chaintres-2023\/","og_locale":"en_US","og_type":"article","og_title":"Dames de Chaintres 2023 - Chateau de Chaintres","og_description":"Localisation: Dampierre sur Loire, lieu-dit Chaintre Terroir: alt\u00e9ration de craie verte (tuffeau) Etage: turonien moyen Age moyen des vignes: sup\u00e9rieur \u00e0 80 ans Enc\u00e9pagement: 100% chenin  Robe: jaune dor\u00e9 aux reflets brillants Nez: nez d\u2019agrumes frais Bouche: attaque franche, la bouche est ample et \u00e9l\u00e9gante. Les agrumes r\u00e9v\u00e8lent toute leur fra\u00eecheur. La min\u00e9ralit\u00e9 que lui conf\u00e8rent nos sols de tuffeaux donne du relief. Il finit sur une note d'\u00e9pices, longue et plaisante. Accord mets vins: viandes blanches, plats en sauces et crustac\u00e9s.","og_url":"https:\/\/chaintres.fr\/en\/product\/dames-de-chaintres-2023\/","og_site_name":"Chateau de Chaintres","article_publisher":"https:\/\/www.facebook.com\/Ch%c3%a2teau-de-Chaintres-233665606700511\/","article_modified_time":"2025-10-13T13:12:04+00:00","og_image":[{"width":168,"height":500,"url":"https:\/\/chaintres.fr\/wp-content\/uploads\/2020\/11\/Polish_20231025_103953932.jpg","type":"image\/jpeg"}],"twitter_card":"summary_large_image","twitter_site":"@chaintres","schema":{"@context":"https:\/\/schema.org","@graph":[{"@type":"WebPage","@id":"https:\/\/chaintres.fr\/product\/dames-de-chaintres-2023\/","url":"https:\/\/chaintres.fr\/product\/dames-de-chaintres-2023\/","name":"Dames de Chaintres 2023 - Chateau de Chaintres","isPartOf":{"@id":"https:\/\/chaintres.fr\/#website"},"datePublished":"2020-11-08T18:45:09+00:00","dateModified":"2025-10-13T13:12:04+00:00","breadcrumb":{"@id":"https:\/\/chaintres.fr\/product\/dames-de-chaintres-2023\/#breadcrumb"},"inLanguage":"en-US","potentialAction":[{"@type":"ReadAction","target":["https:\/\/chaintres.fr\/product\/dames-de-chaintres-2023\/"]}]},{"@type":"BreadcrumbList","@id":"https:\/\/chaintres.fr\/product\/dames-de-chaintres-2023\/#breadcrumb","itemListElement":[{"@type":"ListItem","position":1,"name":"Home","item":"https:\/\/chaintres.fr\/"},{"@type":"ListItem","position":2,"name":"Boutique","item":"https:\/\/chaintres.fr\/boutique\/"},{"@type":"ListItem","position":3,"name":"Dames de Chaintres 2023"}]},{"@type":"WebSite","@id":"https:\/\/chaintres.fr\/#website","url":"https:\/\/chaintres.fr\/","name":"Chateau de Chaintres","description":"Saumur Champigny","publisher":{"@id":"https:\/\/chaintres.fr\/#organization"},"potentialAction":[{"@type":"SearchAction","target":{"@type":"EntryPoint","urlTemplate":"https:\/\/chaintres.fr\/?s={search_term_string}"},"query-input":"required name=search_term_string"}],"inLanguage":"en-US"},{"@type":"Organization","@id":"https:\/\/chaintres.fr\/#organization","name":"Chateau de Chaintres","url":"https:\/\/chaintres.fr\/","logo":{"@type":"ImageObject","inLanguage":"en-US","@id":"https:\/\/chaintres.fr\/#\/schema\/logo\/image\/","url":"https:\/\/chaintres.fr\/wp-content\/uploads\/2020\/10\/site-logo_header.png","contentUrl":"https:\/\/chaintres.fr\/wp-content\/uploads\/2020\/10\/site-logo_header.png","width":1167,"height":250,"caption":"Chateau de Chaintres"},"image":{"@id":"https:\/\/chaintres.fr\/#\/schema\/logo\/image\/"},"sameAs":["https:\/\/www.facebook.com\/Ch\u00e2teau-de-Chaintres-233665606700511\/","https:\/\/twitter.com\/chaintres","https:\/\/www.instagram.com\/chateau_de_chaintres\/"]}]}},"_links":{"self":[{"href":"https:\/\/chaintres.fr\/en\/wp-json\/wp\/v2\/product\/929","targetHints":{"allow":["GET"]}}],"collection":[{"href":"https:\/\/chaintres.fr\/en\/wp-json\/wp\/v2\/product"}],"about":[{"href":"https:\/\/chaintres.fr\/en\/wp-json\/wp\/v2\/types\/product"}],"replies":[{"embeddable":true,"href":"https:\/\/chaintres.fr\/en\/wp-json\/wp\/v2\/comments?post=929"}],"wp:featuredmedia":[{"embeddable":true,"href":"https:\/\/chaintres.fr\/en\/wp-json\/wp\/v2\/media\/1002656"}],"wp:attachment":[{"href":"https:\/\/chaintres.fr\/en\/wp-json\/wp\/v2\/media?parent=929"}],"wp:term":[{"taxonomy":"product_cat","embeddable":true,"href":"https:\/\/chaintres.fr\/en\/wp-json\/wp\/v2\/product_cat?post=929"},{"taxonomy":"product_tag","embeddable":true,"href":"https:\/\/chaintres.fr\/en\/wp-json\/wp\/v2\/product_tag?post=929"}],"curies":[{"name":"wp","href":"https:\/\/api.w.org\/{rel}","templated":true}]}}