{"id":927,"date":"2020-11-08T19:43:13","date_gmt":"2020-11-08T18:43:13","guid":{"rendered":"http:\/\/osurjma.cluster030.hosting.ovh.net\/?post_type=product&#038;p=927"},"modified":"2024-04-26T14:17:21","modified_gmt":"2024-04-26T13:17:21","slug":"clos-des-oratoriens-2020","status":"publish","type":"product","link":"https:\/\/chaintres.fr\/en\/product\/clos-des-oratoriens-2020\/","title":{"rendered":"Clos des Oratoriens 2020"},"content":{"rendered":"<p><a href=\"https:\/\/chaintres.fr\/wp-content\/uploads\/2024\/04\/Clos-des-Oratoriens-2020.pdf\">Voir la fiche technique<\/a><\/p>\n<p><a href=\"https:\/\/chaintres.fr\/en\/recompenses\/#clos-des-oratoriens\">Voir R\u00e9compenses<\/a><\/p>","protected":false},"excerpt":{"rendered":"<p>Vendange manuelle en caisses ajour\u00e9es, tri \u00e0 la vigne et au cellier.<br \/>\nEraflage de la vendange puis encuvage par tapis.<br \/>\nVinification en cuve bois tronconique thermor\u00e9gul\u00e9e.<br \/>\nElevage sur lies fines durant 12 mois, par moiti\u00e9 en barrique de trois vins de 228L et moiti\u00e9 en jarre en argile de 160L<\/p>\n<p><strong>Robe:<\/strong> rouge rubis profond<br \/>\n<strong>Nez:<\/strong> intense de fruits rouges avec des notes tyoast\u00e9es<br \/>\n<strong>Bouche:<\/strong> ample et g\u00e9n\u00e9reuse, avec des tannins souples et onctueux, finale min\u00e9rale.<br \/>\n<strong>Accord mets vins:<\/strong> ce vin accompagnera les viandes rouges en sauce et gibiers.<\/p>","protected":false},"featured_media":1002638,"comment_status":"open","ping_status":"closed","template":"","meta":{"_vp_format_video_url":"","_vp_image_focal_point":[]},"product_cat":[28],"product_tag":[37],"class_list":{"0":"post-927","1":"product","2":"type-product","3":"status-publish","4":"has-post-thumbnail","6":"product_cat-saumur-champigny","7":"product_tag-chaintres","8":"pa_cepage-cabernet-franc","10":"entry","11":"has-media","13":"first","14":"instock","15":"taxable","16":"shipping-taxable","17":"purchasable","18":"product-type-simple","19":"has-product-nav","20":"col","21":"span_1_of_3","22":"owp-content-center","23":"owp-thumbs-layout-horizontal","24":"owp-btn-normal","25":"owp-tabs-layout-horizontal"},"yoast_head":"<!-- This site is optimized with the Yoast SEO plugin v21.8 - https:\/\/yoast.com\/wordpress\/plugins\/seo\/ -->\n<title>Clos des Oratoriens 2020 - Chateau de Chaintres<\/title>\n<meta name=\"robots\" content=\"index, follow, max-snippet:-1, max-image-preview:large, max-video-preview:-1\" \/>\n<link rel=\"canonical\" href=\"https:\/\/chaintres.fr\/en\/product\/clos-des-oratoriens-2020\/\" \/>\n<meta property=\"og:locale\" content=\"en_US\" \/>\n<meta property=\"og:type\" content=\"article\" \/>\n<meta property=\"og:title\" content=\"Clos des Oratoriens 2020 - Chateau de Chaintres\" \/>\n<meta property=\"og:description\" content=\"Vendange manuelle en caisses ajour\u00e9es, tri \u00e0 la vigne et au cellier. Eraflage de la vendange puis encuvage par tapis. Vinification en cuve bois tronconique thermor\u00e9gul\u00e9e. Elevage sur lies fines durant 12 mois, par moiti\u00e9 en barrique de trois vins de 228L et moiti\u00e9 en jarre en argile de 160L  Robe: rouge rubis profond Nez: intense de fruits rouges avec des notes tyoast\u00e9es Bouche: ample et g\u00e9n\u00e9reuse, avec des tannins souples et onctueux, finale min\u00e9rale. Accord mets vins: ce vin accompagnera les viandes rouges en sauce et gibiers.\" \/>\n<meta property=\"og:url\" content=\"https:\/\/chaintres.fr\/en\/product\/clos-des-oratoriens-2020\/\" \/>\n<meta property=\"og:site_name\" content=\"Chateau de Chaintres\" \/>\n<meta property=\"article:publisher\" content=\"https:\/\/www.facebook.com\/Ch%c3%a2teau-de-Chaintres-233665606700511\/\" \/>\n<meta property=\"article:modified_time\" content=\"2024-04-26T13:17:21+00:00\" \/>\n<meta property=\"og:image\" content=\"https:\/\/chaintres.fr\/wp-content\/uploads\/2020\/11\/clos_des_oratoriens_samur_champigny-ESSAI-2.jpg\" \/>\n\t<meta property=\"og:image:width\" content=\"157\" \/>\n\t<meta property=\"og:image:height\" content=\"500\" \/>\n\t<meta property=\"og:image:type\" content=\"image\/jpeg\" \/>\n<meta name=\"twitter:card\" content=\"summary_large_image\" \/>\n<meta name=\"twitter:site\" content=\"@chaintres\" \/>\n<meta name=\"twitter:label1\" content=\"Est. reading time\" \/>\n\t<meta name=\"twitter:data1\" content=\"1 minute\" \/>\n<script type=\"application\/ld+json\" class=\"yoast-schema-graph\">{\"@context\":\"https:\/\/schema.org\",\"@graph\":[{\"@type\":\"WebPage\",\"@id\":\"https:\/\/chaintres.fr\/product\/clos-des-oratoriens-2020\/\",\"url\":\"https:\/\/chaintres.fr\/product\/clos-des-oratoriens-2020\/\",\"name\":\"Clos des Oratoriens 2020 - Chateau de Chaintres\",\"isPartOf\":{\"@id\":\"https:\/\/chaintres.fr\/#website\"},\"datePublished\":\"2020-11-08T18:43:13+00:00\",\"dateModified\":\"2024-04-26T13:17:21+00:00\",\"breadcrumb\":{\"@id\":\"https:\/\/chaintres.fr\/product\/clos-des-oratoriens-2020\/#breadcrumb\"},\"inLanguage\":\"en-US\",\"potentialAction\":[{\"@type\":\"ReadAction\",\"target\":[\"https:\/\/chaintres.fr\/product\/clos-des-oratoriens-2020\/\"]}]},{\"@type\":\"BreadcrumbList\",\"@id\":\"https:\/\/chaintres.fr\/product\/clos-des-oratoriens-2020\/#breadcrumb\",\"itemListElement\":[{\"@type\":\"ListItem\",\"position\":1,\"name\":\"Home\",\"item\":\"https:\/\/chaintres.fr\/\"},{\"@type\":\"ListItem\",\"position\":2,\"name\":\"Boutique\",\"item\":\"https:\/\/chaintres.fr\/boutique\/\"},{\"@type\":\"ListItem\",\"position\":3,\"name\":\"Clos des Oratoriens 2020\"}]},{\"@type\":\"WebSite\",\"@id\":\"https:\/\/chaintres.fr\/#website\",\"url\":\"https:\/\/chaintres.fr\/\",\"name\":\"Chateau de Chaintres\",\"description\":\"Saumur Champigny\",\"publisher\":{\"@id\":\"https:\/\/chaintres.fr\/#organization\"},\"potentialAction\":[{\"@type\":\"SearchAction\",\"target\":{\"@type\":\"EntryPoint\",\"urlTemplate\":\"https:\/\/chaintres.fr\/?s={search_term_string}\"},\"query-input\":\"required name=search_term_string\"}],\"inLanguage\":\"en-US\"},{\"@type\":\"Organization\",\"@id\":\"https:\/\/chaintres.fr\/#organization\",\"name\":\"Chateau de Chaintres\",\"url\":\"https:\/\/chaintres.fr\/\",\"logo\":{\"@type\":\"ImageObject\",\"inLanguage\":\"en-US\",\"@id\":\"https:\/\/chaintres.fr\/#\/schema\/logo\/image\/\",\"url\":\"https:\/\/chaintres.fr\/wp-content\/uploads\/2020\/10\/site-logo_header.png\",\"contentUrl\":\"https:\/\/chaintres.fr\/wp-content\/uploads\/2020\/10\/site-logo_header.png\",\"width\":1167,\"height\":250,\"caption\":\"Chateau de Chaintres\"},\"image\":{\"@id\":\"https:\/\/chaintres.fr\/#\/schema\/logo\/image\/\"},\"sameAs\":[\"https:\/\/www.facebook.com\/Ch\u00e2teau-de-Chaintres-233665606700511\/\",\"https:\/\/twitter.com\/chaintres\",\"https:\/\/www.instagram.com\/chateau_de_chaintres\/\"]}]}<\/script>\n<!-- \/ Yoast SEO plugin. -->","yoast_head_json":{"title":"Clos des Oratoriens 2020 - Chateau de Chaintres","robots":{"index":"index","follow":"follow","max-snippet":"max-snippet:-1","max-image-preview":"max-image-preview:large","max-video-preview":"max-video-preview:-1"},"canonical":"https:\/\/chaintres.fr\/en\/product\/clos-des-oratoriens-2020\/","og_locale":"en_US","og_type":"article","og_title":"Clos des Oratoriens 2020 - Chateau de Chaintres","og_description":"Vendange manuelle en caisses ajour\u00e9es, tri \u00e0 la vigne et au cellier. Eraflage de la vendange puis encuvage par tapis. Vinification en cuve bois tronconique thermor\u00e9gul\u00e9e. Elevage sur lies fines durant 12 mois, par moiti\u00e9 en barrique de trois vins de 228L et moiti\u00e9 en jarre en argile de 160L  Robe: rouge rubis profond Nez: intense de fruits rouges avec des notes tyoast\u00e9es Bouche: ample et g\u00e9n\u00e9reuse, avec des tannins souples et onctueux, finale min\u00e9rale. Accord mets vins: ce vin accompagnera les viandes rouges en sauce et gibiers.","og_url":"https:\/\/chaintres.fr\/en\/product\/clos-des-oratoriens-2020\/","og_site_name":"Chateau de Chaintres","article_publisher":"https:\/\/www.facebook.com\/Ch%c3%a2teau-de-Chaintres-233665606700511\/","article_modified_time":"2024-04-26T13:17:21+00:00","og_image":[{"width":157,"height":500,"url":"https:\/\/chaintres.fr\/wp-content\/uploads\/2020\/11\/clos_des_oratoriens_samur_champigny-ESSAI-2.jpg","type":"image\/jpeg"}],"twitter_card":"summary_large_image","twitter_site":"@chaintres","twitter_misc":{"Est. reading time":"1 minute"},"schema":{"@context":"https:\/\/schema.org","@graph":[{"@type":"WebPage","@id":"https:\/\/chaintres.fr\/product\/clos-des-oratoriens-2020\/","url":"https:\/\/chaintres.fr\/product\/clos-des-oratoriens-2020\/","name":"Clos des Oratoriens 2020 - Chateau de Chaintres","isPartOf":{"@id":"https:\/\/chaintres.fr\/#website"},"datePublished":"2020-11-08T18:43:13+00:00","dateModified":"2024-04-26T13:17:21+00:00","breadcrumb":{"@id":"https:\/\/chaintres.fr\/product\/clos-des-oratoriens-2020\/#breadcrumb"},"inLanguage":"en-US","potentialAction":[{"@type":"ReadAction","target":["https:\/\/chaintres.fr\/product\/clos-des-oratoriens-2020\/"]}]},{"@type":"BreadcrumbList","@id":"https:\/\/chaintres.fr\/product\/clos-des-oratoriens-2020\/#breadcrumb","itemListElement":[{"@type":"ListItem","position":1,"name":"Home","item":"https:\/\/chaintres.fr\/"},{"@type":"ListItem","position":2,"name":"Boutique","item":"https:\/\/chaintres.fr\/boutique\/"},{"@type":"ListItem","position":3,"name":"Clos des Oratoriens 2020"}]},{"@type":"WebSite","@id":"https:\/\/chaintres.fr\/#website","url":"https:\/\/chaintres.fr\/","name":"Chateau de Chaintres","description":"Saumur Champigny","publisher":{"@id":"https:\/\/chaintres.fr\/#organization"},"potentialAction":[{"@type":"SearchAction","target":{"@type":"EntryPoint","urlTemplate":"https:\/\/chaintres.fr\/?s={search_term_string}"},"query-input":"required name=search_term_string"}],"inLanguage":"en-US"},{"@type":"Organization","@id":"https:\/\/chaintres.fr\/#organization","name":"Chateau de Chaintres","url":"https:\/\/chaintres.fr\/","logo":{"@type":"ImageObject","inLanguage":"en-US","@id":"https:\/\/chaintres.fr\/#\/schema\/logo\/image\/","url":"https:\/\/chaintres.fr\/wp-content\/uploads\/2020\/10\/site-logo_header.png","contentUrl":"https:\/\/chaintres.fr\/wp-content\/uploads\/2020\/10\/site-logo_header.png","width":1167,"height":250,"caption":"Chateau de Chaintres"},"image":{"@id":"https:\/\/chaintres.fr\/#\/schema\/logo\/image\/"},"sameAs":["https:\/\/www.facebook.com\/Ch\u00e2teau-de-Chaintres-233665606700511\/","https:\/\/twitter.com\/chaintres","https:\/\/www.instagram.com\/chateau_de_chaintres\/"]}]}},"_links":{"self":[{"href":"https:\/\/chaintres.fr\/en\/wp-json\/wp\/v2\/product\/927","targetHints":{"allow":["GET"]}}],"collection":[{"href":"https:\/\/chaintres.fr\/en\/wp-json\/wp\/v2\/product"}],"about":[{"href":"https:\/\/chaintres.fr\/en\/wp-json\/wp\/v2\/types\/product"}],"replies":[{"embeddable":true,"href":"https:\/\/chaintres.fr\/en\/wp-json\/wp\/v2\/comments?post=927"}],"wp:featuredmedia":[{"embeddable":true,"href":"https:\/\/chaintres.fr\/en\/wp-json\/wp\/v2\/media\/1002638"}],"wp:attachment":[{"href":"https:\/\/chaintres.fr\/en\/wp-json\/wp\/v2\/media?parent=927"}],"wp:term":[{"taxonomy":"product_cat","embeddable":true,"href":"https:\/\/chaintres.fr\/en\/wp-json\/wp\/v2\/product_cat?post=927"},{"taxonomy":"product_tag","embeddable":true,"href":"https:\/\/chaintres.fr\/en\/wp-json\/wp\/v2\/product_tag?post=927"}],"curies":[{"name":"wp","href":"https:\/\/api.w.org\/{rel}","templated":true}]}}