{"id":910,"date":"2020-11-08T19:02:38","date_gmt":"2020-11-08T18:02:38","guid":{"rendered":"http:\/\/osurjma.cluster030.hosting.ovh.net\/?post_type=product&#038;p=910"},"modified":"2025-10-13T14:41:27","modified_gmt":"2025-10-13T13:41:27","slug":"les-sables-2024","status":"publish","type":"product","link":"https:\/\/chaintres.fr\/en\/product\/les-sables-2024\/","title":{"rendered":"Les Sables 2024"},"content":{"rendered":"<p><a href=\"https:\/\/chaintres.fr\/wp-content\/uploads\/2020\/11\/LES-SABLES-2024.pdf\" target=\"_blank\" rel=\"noopener\">Voir la fiche technique<\/a><\/p>\n<p><a href=\"https:\/\/chaintres.fr\/en\/recompenses\/#les-sables\">Voir R\u00e9compenses<\/a><\/p>\n<p><strong>Travail de la vigne :<\/strong><\/p>\n<p>Rendement : 40Hl\/Ha<br \/>\nTravail du sol : labour, d\u00e9chaussage sous le rang<br \/>\nTravail biologique, certification Ecocert France<br \/>\nTravail biodynamique, certification Demeter et Biodyvin<\/p>\n<p><strong>Vinification :<\/strong><\/p>\n<p>Vendanges manuelles en caisse ajour\u00e9s, tri \u00e0 la vigne et au cellier avant encuvage par tapis<br \/>\nEncuvage par tapis et \u00e9grappage total. Fermentation des raisins par parcelle en cuve inox thermor\u00e9gul\u00e9e et mac\u00e9ration courte (5-10 jours)<br \/>\n100% Cabernet Franc<br \/>\nElevage en inox pendant 6 mois, les parcelles sont assembl\u00e9es avant mise en bouteille pour trouver le bon profil sensoriel repr\u00e9sentatif de notre terroir<\/p>\n<p><strong>Vineyard<\/strong><\/p>\n<p><em>Localisation <\/em>: Dampierre sur Loire, lieu-dit Chaintre<br \/>\n<em>Terroir <\/em>: assemblage de trois terroirs, sous-sol roche dure \u00e0 tendre calcaire, sablo argileux, terrains limono-sablo-argileux<br \/>\n<em>Etage <\/em>: turonien sup\u00e9rieur<br \/>\n<em>Age moyen des vignes <\/em>: sup\u00e9rieur \u00e0 30 ans<\/p>","protected":false},"excerpt":{"rendered":"<p>Vin certifi\u00e9 biodynamique par Demeter et Biodyvin<\/p>\n<p>Vendange manuelle en caisses ajour\u00e9es, tri \u00e0 la vigne et au cellier avant encuvage par tapis. \u00c9grappage total. Fermentation en cuve inox thermor\u00e9gul\u00e9e \u00e0 une temp\u00e9rature comprise entre 18 et 24 degr\u00e9s. Pied de cuve avant d\u00e9part en fermentation alcoolique. Fin de la fermentation \u00e0 une temp\u00e9rature de 24 degr\u00e9s pour plus d\u2019\u00e9l\u00e9gance des vins. Mac\u00e9ration de 10 \u00e0 12 jours, \u00e9levage en cuve inox sur lies fines sans SO2 durant 4 \u00e0 5 mois afin de conserver le fruit du vin.<\/p>\n<p><strong>Robe:<\/strong> grenat aux reflets violines<br \/>\n<strong>Nez:<\/strong> fruits rouges frais.<br \/>\n<strong>Bouche:<\/strong> attaque fruit\u00e9e et \u00e9pic\u00e9e, la bouche est souple avec une finale min\u00e9rale et \u00e9l\u00e9gante.<br \/>\n<strong>Accord mets vins:<\/strong> id\u00e9al au printemps et \u00e9t\u00e9 sur des charcuteries, grillades et fromages frais.<\/p>","protected":false},"featured_media":1095,"comment_status":"open","ping_status":"closed","template":"","meta":{"_vp_format_video_url":"","_vp_image_focal_point":[]},"product_cat":[28],"product_tag":[37],"class_list":{"0":"post-910","1":"product","2":"type-product","3":"status-publish","4":"has-post-thumbnail","6":"product_cat-saumur-champigny","7":"product_tag-chaintres","8":"pa_cepage-cabernet-franc","10":"entry","11":"has-media","13":"first","14":"instock","15":"taxable","16":"shipping-taxable","17":"purchasable","18":"product-type-simple","19":"has-product-nav","20":"col","21":"span_1_of_3","22":"owp-content-center","23":"owp-thumbs-layout-horizontal","24":"owp-btn-normal","25":"owp-tabs-layout-horizontal"},"yoast_head":"<!-- This site is optimized with the Yoast SEO plugin v21.8 - https:\/\/yoast.com\/wordpress\/plugins\/seo\/ -->\n<title>Les Sables 2024 - Chateau de Chaintres<\/title>\n<meta name=\"description\" content=\"Vin biodynamique 100% Cabernet Franc du Ch\u00e2teau de Chaintres, vendang\u00e9 \u00e0 la main, \u00e9lev\u00e9 sur terroirs lig\u00e9riens vari\u00e9s avec certification Demeter\/Biodyvin.\" \/>\n<meta name=\"robots\" content=\"index, follow, max-snippet:-1, max-image-preview:large, max-video-preview:-1\" \/>\n<link rel=\"canonical\" href=\"https:\/\/chaintres.fr\/en\/product\/les-sables-2024\/\" \/>\n<meta property=\"og:locale\" content=\"en_US\" \/>\n<meta property=\"og:type\" content=\"article\" \/>\n<meta property=\"og:title\" content=\"Les Sables 2024 - Chateau de Chaintres\" \/>\n<meta property=\"og:description\" content=\"Vin biodynamique 100% Cabernet Franc du Ch\u00e2teau de Chaintres, vendang\u00e9 \u00e0 la main, \u00e9lev\u00e9 sur terroirs lig\u00e9riens vari\u00e9s avec certification Demeter\/Biodyvin.\" \/>\n<meta property=\"og:url\" content=\"https:\/\/chaintres.fr\/en\/product\/les-sables-2024\/\" \/>\n<meta property=\"og:site_name\" content=\"Chateau de Chaintres\" \/>\n<meta property=\"article:publisher\" content=\"https:\/\/www.facebook.com\/Ch%c3%a2teau-de-Chaintres-233665606700511\/\" \/>\n<meta property=\"article:modified_time\" content=\"2025-10-13T13:41:27+00:00\" \/>\n<meta property=\"og:image\" content=\"https:\/\/chaintres.fr\/wp-content\/uploads\/2020\/11\/les-sables.jpg\" \/>\n\t<meta property=\"og:image:width\" content=\"180\" \/>\n\t<meta property=\"og:image:height\" content=\"500\" \/>\n\t<meta property=\"og:image:type\" content=\"image\/jpeg\" \/>\n<meta name=\"twitter:card\" content=\"summary_large_image\" \/>\n<meta name=\"twitter:site\" content=\"@chaintres\" \/>\n<meta name=\"twitter:label1\" content=\"Est. reading time\" \/>\n\t<meta name=\"twitter:data1\" content=\"1 minute\" \/>\n<script type=\"application\/ld+json\" class=\"yoast-schema-graph\">{\"@context\":\"https:\/\/schema.org\",\"@graph\":[{\"@type\":\"WebPage\",\"@id\":\"https:\/\/chaintres.fr\/product\/les-sables-2024\/\",\"url\":\"https:\/\/chaintres.fr\/product\/les-sables-2024\/\",\"name\":\"Les Sables 2024 - Chateau de Chaintres\",\"isPartOf\":{\"@id\":\"https:\/\/chaintres.fr\/#website\"},\"datePublished\":\"2020-11-08T18:02:38+00:00\",\"dateModified\":\"2025-10-13T13:41:27+00:00\",\"description\":\"Vin biodynamique 100% Cabernet Franc du Ch\u00e2teau de Chaintres, vendang\u00e9 \u00e0 la main, \u00e9lev\u00e9 sur terroirs lig\u00e9riens vari\u00e9s avec certification Demeter\/Biodyvin.\",\"breadcrumb\":{\"@id\":\"https:\/\/chaintres.fr\/product\/les-sables-2024\/#breadcrumb\"},\"inLanguage\":\"en-US\",\"potentialAction\":[{\"@type\":\"ReadAction\",\"target\":[\"https:\/\/chaintres.fr\/product\/les-sables-2024\/\"]}]},{\"@type\":\"BreadcrumbList\",\"@id\":\"https:\/\/chaintres.fr\/product\/les-sables-2024\/#breadcrumb\",\"itemListElement\":[{\"@type\":\"ListItem\",\"position\":1,\"name\":\"Home\",\"item\":\"https:\/\/chaintres.fr\/\"},{\"@type\":\"ListItem\",\"position\":2,\"name\":\"Boutique\",\"item\":\"https:\/\/chaintres.fr\/boutique\/\"},{\"@type\":\"ListItem\",\"position\":3,\"name\":\"Les Sables 2024\"}]},{\"@type\":\"WebSite\",\"@id\":\"https:\/\/chaintres.fr\/#website\",\"url\":\"https:\/\/chaintres.fr\/\",\"name\":\"Chateau de Chaintres\",\"description\":\"Saumur Champigny\",\"publisher\":{\"@id\":\"https:\/\/chaintres.fr\/#organization\"},\"potentialAction\":[{\"@type\":\"SearchAction\",\"target\":{\"@type\":\"EntryPoint\",\"urlTemplate\":\"https:\/\/chaintres.fr\/?s={search_term_string}\"},\"query-input\":\"required name=search_term_string\"}],\"inLanguage\":\"en-US\"},{\"@type\":\"Organization\",\"@id\":\"https:\/\/chaintres.fr\/#organization\",\"name\":\"Chateau de Chaintres\",\"url\":\"https:\/\/chaintres.fr\/\",\"logo\":{\"@type\":\"ImageObject\",\"inLanguage\":\"en-US\",\"@id\":\"https:\/\/chaintres.fr\/#\/schema\/logo\/image\/\",\"url\":\"https:\/\/chaintres.fr\/wp-content\/uploads\/2020\/10\/site-logo_header.png\",\"contentUrl\":\"https:\/\/chaintres.fr\/wp-content\/uploads\/2020\/10\/site-logo_header.png\",\"width\":1167,\"height\":250,\"caption\":\"Chateau de Chaintres\"},\"image\":{\"@id\":\"https:\/\/chaintres.fr\/#\/schema\/logo\/image\/\"},\"sameAs\":[\"https:\/\/www.facebook.com\/Ch\u00e2teau-de-Chaintres-233665606700511\/\",\"https:\/\/twitter.com\/chaintres\",\"https:\/\/www.instagram.com\/chateau_de_chaintres\/\"]}]}<\/script>\n<!-- \/ Yoast SEO plugin. -->","yoast_head_json":{"title":"Les Sables 2024 - Chateau de Chaintres","description":"Vin biodynamique 100% Cabernet Franc du Ch\u00e2teau de Chaintres, vendang\u00e9 \u00e0 la main, \u00e9lev\u00e9 sur terroirs lig\u00e9riens vari\u00e9s avec certification Demeter\/Biodyvin.","robots":{"index":"index","follow":"follow","max-snippet":"max-snippet:-1","max-image-preview":"max-image-preview:large","max-video-preview":"max-video-preview:-1"},"canonical":"https:\/\/chaintres.fr\/en\/product\/les-sables-2024\/","og_locale":"en_US","og_type":"article","og_title":"Les Sables 2024 - Chateau de Chaintres","og_description":"Vin biodynamique 100% Cabernet Franc du Ch\u00e2teau de Chaintres, vendang\u00e9 \u00e0 la main, \u00e9lev\u00e9 sur terroirs lig\u00e9riens vari\u00e9s avec certification Demeter\/Biodyvin.","og_url":"https:\/\/chaintres.fr\/en\/product\/les-sables-2024\/","og_site_name":"Chateau de Chaintres","article_publisher":"https:\/\/www.facebook.com\/Ch%c3%a2teau-de-Chaintres-233665606700511\/","article_modified_time":"2025-10-13T13:41:27+00:00","og_image":[{"width":180,"height":500,"url":"https:\/\/chaintres.fr\/wp-content\/uploads\/2020\/11\/les-sables.jpg","type":"image\/jpeg"}],"twitter_card":"summary_large_image","twitter_site":"@chaintres","twitter_misc":{"Est. reading time":"1 minute"},"schema":{"@context":"https:\/\/schema.org","@graph":[{"@type":"WebPage","@id":"https:\/\/chaintres.fr\/product\/les-sables-2024\/","url":"https:\/\/chaintres.fr\/product\/les-sables-2024\/","name":"Les Sables 2024 - Chateau de Chaintres","isPartOf":{"@id":"https:\/\/chaintres.fr\/#website"},"datePublished":"2020-11-08T18:02:38+00:00","dateModified":"2025-10-13T13:41:27+00:00","description":"Vin biodynamique 100% Cabernet Franc du Ch\u00e2teau de Chaintres, vendang\u00e9 \u00e0 la main, \u00e9lev\u00e9 sur terroirs lig\u00e9riens vari\u00e9s avec certification Demeter\/Biodyvin.","breadcrumb":{"@id":"https:\/\/chaintres.fr\/product\/les-sables-2024\/#breadcrumb"},"inLanguage":"en-US","potentialAction":[{"@type":"ReadAction","target":["https:\/\/chaintres.fr\/product\/les-sables-2024\/"]}]},{"@type":"BreadcrumbList","@id":"https:\/\/chaintres.fr\/product\/les-sables-2024\/#breadcrumb","itemListElement":[{"@type":"ListItem","position":1,"name":"Home","item":"https:\/\/chaintres.fr\/"},{"@type":"ListItem","position":2,"name":"Boutique","item":"https:\/\/chaintres.fr\/boutique\/"},{"@type":"ListItem","position":3,"name":"Les Sables 2024"}]},{"@type":"WebSite","@id":"https:\/\/chaintres.fr\/#website","url":"https:\/\/chaintres.fr\/","name":"Chateau de Chaintres","description":"Saumur Champigny","publisher":{"@id":"https:\/\/chaintres.fr\/#organization"},"potentialAction":[{"@type":"SearchAction","target":{"@type":"EntryPoint","urlTemplate":"https:\/\/chaintres.fr\/?s={search_term_string}"},"query-input":"required name=search_term_string"}],"inLanguage":"en-US"},{"@type":"Organization","@id":"https:\/\/chaintres.fr\/#organization","name":"Chateau de Chaintres","url":"https:\/\/chaintres.fr\/","logo":{"@type":"ImageObject","inLanguage":"en-US","@id":"https:\/\/chaintres.fr\/#\/schema\/logo\/image\/","url":"https:\/\/chaintres.fr\/wp-content\/uploads\/2020\/10\/site-logo_header.png","contentUrl":"https:\/\/chaintres.fr\/wp-content\/uploads\/2020\/10\/site-logo_header.png","width":1167,"height":250,"caption":"Chateau de Chaintres"},"image":{"@id":"https:\/\/chaintres.fr\/#\/schema\/logo\/image\/"},"sameAs":["https:\/\/www.facebook.com\/Ch\u00e2teau-de-Chaintres-233665606700511\/","https:\/\/twitter.com\/chaintres","https:\/\/www.instagram.com\/chateau_de_chaintres\/"]}]}},"_links":{"self":[{"href":"https:\/\/chaintres.fr\/en\/wp-json\/wp\/v2\/product\/910","targetHints":{"allow":["GET"]}}],"collection":[{"href":"https:\/\/chaintres.fr\/en\/wp-json\/wp\/v2\/product"}],"about":[{"href":"https:\/\/chaintres.fr\/en\/wp-json\/wp\/v2\/types\/product"}],"replies":[{"embeddable":true,"href":"https:\/\/chaintres.fr\/en\/wp-json\/wp\/v2\/comments?post=910"}],"wp:featuredmedia":[{"embeddable":true,"href":"https:\/\/chaintres.fr\/en\/wp-json\/wp\/v2\/media\/1095"}],"wp:attachment":[{"href":"https:\/\/chaintres.fr\/en\/wp-json\/wp\/v2\/media?parent=910"}],"wp:term":[{"taxonomy":"product_cat","embeddable":true,"href":"https:\/\/chaintres.fr\/en\/wp-json\/wp\/v2\/product_cat?post=910"},{"taxonomy":"product_tag","embeddable":true,"href":"https:\/\/chaintres.fr\/en\/wp-json\/wp\/v2\/product_tag?post=910"}],"curies":[{"name":"wp","href":"https:\/\/api.w.org\/{rel}","templated":true}]}}