{"id":904,"date":"2020-11-08T17:48:14","date_gmt":"2020-11-08T16:48:14","guid":{"rendered":"http:\/\/osurjma.cluster030.hosting.ovh.net\/?post_type=product&#038;p=904"},"modified":"2024-11-18T18:35:05","modified_gmt":"2024-11-18T17:35:05","slug":"blanc-de-noirs","status":"publish","type":"product","link":"https:\/\/chaintres.fr\/en\/product\/blanc-de-noirs\/","title":{"rendered":"Colleen Chanteclair"},"content":{"rendered":"<p><a href=\"https:\/\/chaintres.fr\/wp-content\/uploads\/2020\/11\/BLANC-DE-NOIRS-1.pdf\" target=\"_blank\" rel=\"noopener\">Voir la fiche technique<\/a><\/p>\n<p><a href=\"https:\/\/chaintres.fr\/en\/recompenses\/#blanc-de-noirs\">Voir R\u00e9compenses<\/a><\/p>","protected":false},"excerpt":{"rendered":"<p>Vendange manuelle en caisse ajour\u00e9es. Pressurage direct grappe enti\u00e8re. S\u00e9paration des tailles.D \u00e9bourbage des mo\u00fbts \u00e0 froid et fermentation en cuve. Vinification en m\u00e9thode traditionnelle. Elevage de 18\u00e0 24 mois sur latte.<\/p>\n<p><strong>Robe:<\/strong> limpide avec des reflets dor\u00e9s, tr\u00e8s fines bulles.<br \/>\n<strong>Nez:<\/strong> frais, net, fruits blancs, p\u00eache de vigne, ananas, tilleul en fleur.<br \/>\n<strong>Bouche:<\/strong> Belle attaque, \u00e9quilibr\u00e9 et vineux, zeste de citron.<br \/>\n<strong>Accord mets vins:<\/strong> conviendra sur un poisson en sauce, crustac\u00e9, viandes blanches, en ap\u00e9ritif ou avec des desserts.<\/p>\n<p>M\u00e9daille de Bronze au Prix Plaisir Bettane &amp; Desseauve 2021<\/p>","protected":false},"featured_media":1002657,"comment_status":"open","ping_status":"closed","template":"","meta":{"_vp_format_video_url":"","_vp_image_focal_point":[]},"product_cat":[25],"product_tag":[37],"class_list":{"0":"post-904","1":"product","2":"type-product","3":"status-publish","4":"has-post-thumbnail","6":"product_cat-cremant-de-loire","7":"product_tag-chaintres","8":"pa_cepage-cabernet-franc","10":"entry","11":"has-media","13":"first","14":"instock","15":"taxable","16":"shipping-taxable","17":"purchasable","18":"product-type-simple","19":"has-product-nav","20":"col","21":"span_1_of_3","22":"owp-content-center","23":"owp-thumbs-layout-horizontal","24":"owp-btn-normal","25":"owp-tabs-layout-horizontal"},"yoast_head":"<!-- This site is optimized with the Yoast SEO plugin v21.8 - https:\/\/yoast.com\/wordpress\/plugins\/seo\/ -->\n<title>Colleen Chanteclair - Chateau de Chaintres<\/title>\n<meta name=\"robots\" content=\"index, follow, max-snippet:-1, max-image-preview:large, max-video-preview:-1\" \/>\n<link rel=\"canonical\" href=\"https:\/\/chaintres.fr\/en\/product\/blanc-de-noirs\/\" \/>\n<meta property=\"og:locale\" content=\"en_US\" \/>\n<meta property=\"og:type\" content=\"article\" \/>\n<meta property=\"og:title\" content=\"Colleen Chanteclair - Chateau de Chaintres\" \/>\n<meta property=\"og:description\" content=\"Vendange manuelle en caisse ajour\u00e9es. Pressurage direct grappe enti\u00e8re. S\u00e9paration des tailles.D \u00e9bourbage des mo\u00fbts \u00e0 froid et fermentation en cuve. Vinification en m\u00e9thode traditionnelle. Elevage de 18\u00e0 24 mois sur latte.  Robe: limpide avec des reflets dor\u00e9s, tr\u00e8s fines bulles. Nez: frais, net, fruits blancs, p\u00eache de vigne, ananas, tilleul en fleur. Bouche: Belle attaque, \u00e9quilibr\u00e9 et vineux, zeste de citron. Accord mets vins: conviendra sur un poisson en sauce, crustac\u00e9, viandes blanches, en ap\u00e9ritif ou avec des desserts.  M\u00e9daille de Bronze au Prix Plaisir Bettane &amp; Desseauve 2021\" \/>\n<meta property=\"og:url\" content=\"https:\/\/chaintres.fr\/en\/product\/blanc-de-noirs\/\" \/>\n<meta property=\"og:site_name\" content=\"Chateau de Chaintres\" \/>\n<meta property=\"article:publisher\" content=\"https:\/\/www.facebook.com\/Ch%c3%a2teau-de-Chaintres-233665606700511\/\" \/>\n<meta property=\"article:modified_time\" content=\"2024-11-18T17:35:05+00:00\" \/>\n<meta property=\"og:image\" content=\"https:\/\/chaintres.fr\/wp-content\/uploads\/2020\/11\/blanc-de-noirs-2024-1.png\" \/>\n\t<meta property=\"og:image:width\" content=\"97\" \/>\n\t<meta property=\"og:image:height\" content=\"400\" \/>\n\t<meta property=\"og:image:type\" content=\"image\/png\" \/>\n<meta name=\"twitter:card\" content=\"summary_large_image\" \/>\n<meta name=\"twitter:site\" content=\"@chaintres\" \/>\n<script type=\"application\/ld+json\" class=\"yoast-schema-graph\">{\"@context\":\"https:\/\/schema.org\",\"@graph\":[{\"@type\":\"WebPage\",\"@id\":\"https:\/\/chaintres.fr\/product\/blanc-de-noirs\/\",\"url\":\"https:\/\/chaintres.fr\/product\/blanc-de-noirs\/\",\"name\":\"Colleen Chanteclair - Chateau de Chaintres\",\"isPartOf\":{\"@id\":\"https:\/\/chaintres.fr\/#website\"},\"datePublished\":\"2020-11-08T16:48:14+00:00\",\"dateModified\":\"2024-11-18T17:35:05+00:00\",\"breadcrumb\":{\"@id\":\"https:\/\/chaintres.fr\/product\/blanc-de-noirs\/#breadcrumb\"},\"inLanguage\":\"en-US\",\"potentialAction\":[{\"@type\":\"ReadAction\",\"target\":[\"https:\/\/chaintres.fr\/product\/blanc-de-noirs\/\"]}]},{\"@type\":\"BreadcrumbList\",\"@id\":\"https:\/\/chaintres.fr\/product\/blanc-de-noirs\/#breadcrumb\",\"itemListElement\":[{\"@type\":\"ListItem\",\"position\":1,\"name\":\"Home\",\"item\":\"https:\/\/chaintres.fr\/\"},{\"@type\":\"ListItem\",\"position\":2,\"name\":\"Boutique\",\"item\":\"https:\/\/chaintres.fr\/boutique\/\"},{\"@type\":\"ListItem\",\"position\":3,\"name\":\"Colleen Chanteclair\"}]},{\"@type\":\"WebSite\",\"@id\":\"https:\/\/chaintres.fr\/#website\",\"url\":\"https:\/\/chaintres.fr\/\",\"name\":\"Chateau de Chaintres\",\"description\":\"Saumur Champigny\",\"publisher\":{\"@id\":\"https:\/\/chaintres.fr\/#organization\"},\"potentialAction\":[{\"@type\":\"SearchAction\",\"target\":{\"@type\":\"EntryPoint\",\"urlTemplate\":\"https:\/\/chaintres.fr\/?s={search_term_string}\"},\"query-input\":\"required name=search_term_string\"}],\"inLanguage\":\"en-US\"},{\"@type\":\"Organization\",\"@id\":\"https:\/\/chaintres.fr\/#organization\",\"name\":\"Chateau de Chaintres\",\"url\":\"https:\/\/chaintres.fr\/\",\"logo\":{\"@type\":\"ImageObject\",\"inLanguage\":\"en-US\",\"@id\":\"https:\/\/chaintres.fr\/#\/schema\/logo\/image\/\",\"url\":\"https:\/\/chaintres.fr\/wp-content\/uploads\/2020\/10\/site-logo_header.png\",\"contentUrl\":\"https:\/\/chaintres.fr\/wp-content\/uploads\/2020\/10\/site-logo_header.png\",\"width\":1167,\"height\":250,\"caption\":\"Chateau de Chaintres\"},\"image\":{\"@id\":\"https:\/\/chaintres.fr\/#\/schema\/logo\/image\/\"},\"sameAs\":[\"https:\/\/www.facebook.com\/Ch\u00e2teau-de-Chaintres-233665606700511\/\",\"https:\/\/twitter.com\/chaintres\",\"https:\/\/www.instagram.com\/chateau_de_chaintres\/\"]}]}<\/script>\n<!-- \/ Yoast SEO plugin. -->","yoast_head_json":{"title":"Colleen Chanteclair - Chateau de Chaintres","robots":{"index":"index","follow":"follow","max-snippet":"max-snippet:-1","max-image-preview":"max-image-preview:large","max-video-preview":"max-video-preview:-1"},"canonical":"https:\/\/chaintres.fr\/en\/product\/blanc-de-noirs\/","og_locale":"en_US","og_type":"article","og_title":"Colleen Chanteclair - Chateau de Chaintres","og_description":"Vendange manuelle en caisse ajour\u00e9es. Pressurage direct grappe enti\u00e8re. S\u00e9paration des tailles.D \u00e9bourbage des mo\u00fbts \u00e0 froid et fermentation en cuve. Vinification en m\u00e9thode traditionnelle. Elevage de 18\u00e0 24 mois sur latte.  Robe: limpide avec des reflets dor\u00e9s, tr\u00e8s fines bulles. Nez: frais, net, fruits blancs, p\u00eache de vigne, ananas, tilleul en fleur. Bouche: Belle attaque, \u00e9quilibr\u00e9 et vineux, zeste de citron. Accord mets vins: conviendra sur un poisson en sauce, crustac\u00e9, viandes blanches, en ap\u00e9ritif ou avec des desserts.  M\u00e9daille de Bronze au Prix Plaisir Bettane &amp; Desseauve 2021","og_url":"https:\/\/chaintres.fr\/en\/product\/blanc-de-noirs\/","og_site_name":"Chateau de Chaintres","article_publisher":"https:\/\/www.facebook.com\/Ch%c3%a2teau-de-Chaintres-233665606700511\/","article_modified_time":"2024-11-18T17:35:05+00:00","og_image":[{"width":97,"height":400,"url":"https:\/\/chaintres.fr\/wp-content\/uploads\/2020\/11\/blanc-de-noirs-2024-1.png","type":"image\/png"}],"twitter_card":"summary_large_image","twitter_site":"@chaintres","schema":{"@context":"https:\/\/schema.org","@graph":[{"@type":"WebPage","@id":"https:\/\/chaintres.fr\/product\/blanc-de-noirs\/","url":"https:\/\/chaintres.fr\/product\/blanc-de-noirs\/","name":"Colleen Chanteclair - Chateau de Chaintres","isPartOf":{"@id":"https:\/\/chaintres.fr\/#website"},"datePublished":"2020-11-08T16:48:14+00:00","dateModified":"2024-11-18T17:35:05+00:00","breadcrumb":{"@id":"https:\/\/chaintres.fr\/product\/blanc-de-noirs\/#breadcrumb"},"inLanguage":"en-US","potentialAction":[{"@type":"ReadAction","target":["https:\/\/chaintres.fr\/product\/blanc-de-noirs\/"]}]},{"@type":"BreadcrumbList","@id":"https:\/\/chaintres.fr\/product\/blanc-de-noirs\/#breadcrumb","itemListElement":[{"@type":"ListItem","position":1,"name":"Home","item":"https:\/\/chaintres.fr\/"},{"@type":"ListItem","position":2,"name":"Boutique","item":"https:\/\/chaintres.fr\/boutique\/"},{"@type":"ListItem","position":3,"name":"Colleen Chanteclair"}]},{"@type":"WebSite","@id":"https:\/\/chaintres.fr\/#website","url":"https:\/\/chaintres.fr\/","name":"Chateau de Chaintres","description":"Saumur Champigny","publisher":{"@id":"https:\/\/chaintres.fr\/#organization"},"potentialAction":[{"@type":"SearchAction","target":{"@type":"EntryPoint","urlTemplate":"https:\/\/chaintres.fr\/?s={search_term_string}"},"query-input":"required name=search_term_string"}],"inLanguage":"en-US"},{"@type":"Organization","@id":"https:\/\/chaintres.fr\/#organization","name":"Chateau de Chaintres","url":"https:\/\/chaintres.fr\/","logo":{"@type":"ImageObject","inLanguage":"en-US","@id":"https:\/\/chaintres.fr\/#\/schema\/logo\/image\/","url":"https:\/\/chaintres.fr\/wp-content\/uploads\/2020\/10\/site-logo_header.png","contentUrl":"https:\/\/chaintres.fr\/wp-content\/uploads\/2020\/10\/site-logo_header.png","width":1167,"height":250,"caption":"Chateau de Chaintres"},"image":{"@id":"https:\/\/chaintres.fr\/#\/schema\/logo\/image\/"},"sameAs":["https:\/\/www.facebook.com\/Ch\u00e2teau-de-Chaintres-233665606700511\/","https:\/\/twitter.com\/chaintres","https:\/\/www.instagram.com\/chateau_de_chaintres\/"]}]}},"_links":{"self":[{"href":"https:\/\/chaintres.fr\/en\/wp-json\/wp\/v2\/product\/904","targetHints":{"allow":["GET"]}}],"collection":[{"href":"https:\/\/chaintres.fr\/en\/wp-json\/wp\/v2\/product"}],"about":[{"href":"https:\/\/chaintres.fr\/en\/wp-json\/wp\/v2\/types\/product"}],"replies":[{"embeddable":true,"href":"https:\/\/chaintres.fr\/en\/wp-json\/wp\/v2\/comments?post=904"}],"wp:featuredmedia":[{"embeddable":true,"href":"https:\/\/chaintres.fr\/en\/wp-json\/wp\/v2\/media\/1002657"}],"wp:attachment":[{"href":"https:\/\/chaintres.fr\/en\/wp-json\/wp\/v2\/media?parent=904"}],"wp:term":[{"taxonomy":"product_cat","embeddable":true,"href":"https:\/\/chaintres.fr\/en\/wp-json\/wp\/v2\/product_cat?post=904"},{"taxonomy":"product_tag","embeddable":true,"href":"https:\/\/chaintres.fr\/en\/wp-json\/wp\/v2\/product_tag?post=904"}],"curies":[{"name":"wp","href":"https:\/\/api.w.org\/{rel}","templated":true}]}}