{"id":1142,"date":"2020-11-27T20:12:08","date_gmt":"2020-11-27T19:12:08","guid":{"rendered":"http:\/\/osurjma.cluster030.hosting.ovh.net\/?post_type=product&#038;p=1142"},"modified":"2023-07-07T13:55:37","modified_gmt":"2023-07-07T12:55:37","slug":"terre-de-st-cyr-2019","status":"publish","type":"product","link":"https:\/\/chaintres.fr\/en\/product\/terre-de-st-cyr-2019\/","title":{"rendered":"Terre de St. Cyr 2020"},"content":{"rendered":"<p>Voir la fiche technique<\/p>","protected":false},"excerpt":{"rendered":"<p>Agriculture biologique certifi\u00e9 par EcoCert France<\/p>\n<p>Vendange manuelle en caisses ajour\u00e9es, tri \u00e0 la vigne et au cellier avant encuvage par tapis. \u00c9grappage total. Fermentation en cuve inox thermor\u00e9gul\u00e9e \u00e0 une temp\u00e9rature comprise entre 18 et 24 degr\u00e9s. Pied de cuve avant d\u00e9part en fermentation alcoolique. Fin de la fermentation \u00e0 une temp\u00e9rature de 24 degr\u00e9s pour plus d\u2019\u00e9l\u00e9gance des vins. Mac\u00e9ration de 10 \u00e0 12 jours, \u00e9levage en cuve inox sur lies fines sans SO2 durant 4 \u00e0 5 mois afin de conserver le fruit du vin.<\/p>\n<p>Collage et filtration suivant les mill\u00e9simes.<\/p>\n<p><strong>Robe:<\/strong> grenat aux reflets violines<br \/>\n<strong>Nez:<\/strong> fruits rouges frais (cerise)<br \/>\n<strong>Bouche:<\/strong> attaque fruit\u00e9e, la bouche est souple avec une finale min\u00e9rale et \u00e9l\u00e9gante.<br \/>\n<strong>Accord mets vins:<\/strong> id\u00e9al au printemps et \u00e9t\u00e9 sur des charcuteries, grillades et fromages frais.<\/p>\n<p>La garde : 3 \u00e0 5 ans<\/p>","protected":false},"featured_media":1143,"comment_status":"open","ping_status":"closed","template":"","meta":{"_vp_format_video_url":"","_vp_image_focal_point":[]},"product_cat":[28],"product_tag":[35],"class_list":{"0":"post-1142","1":"product","2":"type-product","3":"status-publish","4":"has-post-thumbnail","6":"product_cat-saumur-champigny","7":"product_tag-exmuros","8":"pa_cepage-cabernet-franc","10":"entry","11":"has-media","13":"first","14":"instock","15":"taxable","16":"shipping-taxable","17":"purchasable","18":"product-type-simple","19":"has-product-nav","20":"col","21":"span_1_of_3","22":"owp-content-center","23":"owp-thumbs-layout-horizontal","24":"owp-btn-normal","25":"owp-tabs-layout-horizontal"},"yoast_head":"<!-- This site is optimized with the Yoast SEO plugin v21.8 - https:\/\/yoast.com\/wordpress\/plugins\/seo\/ -->\n<title>Terre de St. Cyr 2020 - Chateau de Chaintres<\/title>\n<meta name=\"robots\" content=\"index, follow, max-snippet:-1, max-image-preview:large, max-video-preview:-1\" \/>\n<link rel=\"canonical\" href=\"https:\/\/chaintres.fr\/en\/product\/terre-de-st-cyr-2019\/\" \/>\n<meta property=\"og:locale\" content=\"en_US\" \/>\n<meta property=\"og:type\" content=\"article\" \/>\n<meta property=\"og:title\" content=\"Terre de St. Cyr 2020 - Chateau de Chaintres\" \/>\n<meta property=\"og:description\" content=\"Agriculture biologique certifi\u00e9 par EcoCert France  Vendange manuelle en caisses ajour\u00e9es, tri \u00e0 la vigne et au cellier avant encuvage par tapis. \u00c9grappage total. Fermentation en cuve inox thermor\u00e9gul\u00e9e \u00e0 une temp\u00e9rature comprise entre 18 et 24 degr\u00e9s. Pied de cuve avant d\u00e9part en fermentation alcoolique. Fin de la fermentation \u00e0 une temp\u00e9rature de 24 degr\u00e9s pour plus d\u2019\u00e9l\u00e9gance des vins. Mac\u00e9ration de 10 \u00e0 12 jours, \u00e9levage en cuve inox sur lies fines sans SO2 durant 4 \u00e0 5 mois afin de conserver le fruit du vin.  Collage et filtration suivant les mill\u00e9simes.  Robe: grenat aux reflets violines Nez: fruits rouges frais (cerise) Bouche: attaque fruit\u00e9e, la bouche est souple avec une finale min\u00e9rale et \u00e9l\u00e9gante. Accord mets vins: id\u00e9al au printemps et \u00e9t\u00e9 sur des charcuteries, grillades et fromages frais.  La garde : 3 \u00e0 5 ans\" \/>\n<meta property=\"og:url\" content=\"https:\/\/chaintres.fr\/en\/product\/terre-de-st-cyr-2019\/\" \/>\n<meta property=\"og:site_name\" content=\"Chateau de Chaintres\" \/>\n<meta property=\"article:publisher\" content=\"https:\/\/www.facebook.com\/Ch%c3%a2teau-de-Chaintres-233665606700511\/\" \/>\n<meta property=\"article:modified_time\" content=\"2023-07-07T12:55:37+00:00\" \/>\n<meta property=\"og:image\" content=\"https:\/\/chaintres.fr\/wp-content\/uploads\/2020\/11\/terre-de-st-cyr.jpg\" \/>\n\t<meta property=\"og:image:width\" content=\"180\" \/>\n\t<meta property=\"og:image:height\" content=\"500\" \/>\n\t<meta property=\"og:image:type\" content=\"image\/jpeg\" \/>\n<meta name=\"twitter:card\" content=\"summary_large_image\" \/>\n<meta name=\"twitter:site\" content=\"@chaintres\" \/>\n<meta name=\"twitter:label1\" content=\"Est. reading time\" \/>\n\t<meta name=\"twitter:data1\" content=\"1 minute\" \/>\n<script type=\"application\/ld+json\" class=\"yoast-schema-graph\">{\"@context\":\"https:\/\/schema.org\",\"@graph\":[{\"@type\":\"WebPage\",\"@id\":\"https:\/\/chaintres.fr\/product\/terre-de-st-cyr-2019\/\",\"url\":\"https:\/\/chaintres.fr\/product\/terre-de-st-cyr-2019\/\",\"name\":\"Terre de St. Cyr 2020 - Chateau de Chaintres\",\"isPartOf\":{\"@id\":\"https:\/\/chaintres.fr\/#website\"},\"datePublished\":\"2020-11-27T19:12:08+00:00\",\"dateModified\":\"2023-07-07T12:55:37+00:00\",\"breadcrumb\":{\"@id\":\"https:\/\/chaintres.fr\/product\/terre-de-st-cyr-2019\/#breadcrumb\"},\"inLanguage\":\"en-US\",\"potentialAction\":[{\"@type\":\"ReadAction\",\"target\":[\"https:\/\/chaintres.fr\/product\/terre-de-st-cyr-2019\/\"]}]},{\"@type\":\"BreadcrumbList\",\"@id\":\"https:\/\/chaintres.fr\/product\/terre-de-st-cyr-2019\/#breadcrumb\",\"itemListElement\":[{\"@type\":\"ListItem\",\"position\":1,\"name\":\"Home\",\"item\":\"https:\/\/chaintres.fr\/\"},{\"@type\":\"ListItem\",\"position\":2,\"name\":\"Boutique\",\"item\":\"https:\/\/chaintres.fr\/boutique\/\"},{\"@type\":\"ListItem\",\"position\":3,\"name\":\"Terre de St. Cyr 2020\"}]},{\"@type\":\"WebSite\",\"@id\":\"https:\/\/chaintres.fr\/#website\",\"url\":\"https:\/\/chaintres.fr\/\",\"name\":\"Chateau de Chaintres\",\"description\":\"Saumur Champigny\",\"publisher\":{\"@id\":\"https:\/\/chaintres.fr\/#organization\"},\"potentialAction\":[{\"@type\":\"SearchAction\",\"target\":{\"@type\":\"EntryPoint\",\"urlTemplate\":\"https:\/\/chaintres.fr\/?s={search_term_string}\"},\"query-input\":\"required name=search_term_string\"}],\"inLanguage\":\"en-US\"},{\"@type\":\"Organization\",\"@id\":\"https:\/\/chaintres.fr\/#organization\",\"name\":\"Chateau de Chaintres\",\"url\":\"https:\/\/chaintres.fr\/\",\"logo\":{\"@type\":\"ImageObject\",\"inLanguage\":\"en-US\",\"@id\":\"https:\/\/chaintres.fr\/#\/schema\/logo\/image\/\",\"url\":\"https:\/\/chaintres.fr\/wp-content\/uploads\/2020\/10\/site-logo_header.png\",\"contentUrl\":\"https:\/\/chaintres.fr\/wp-content\/uploads\/2020\/10\/site-logo_header.png\",\"width\":1167,\"height\":250,\"caption\":\"Chateau de Chaintres\"},\"image\":{\"@id\":\"https:\/\/chaintres.fr\/#\/schema\/logo\/image\/\"},\"sameAs\":[\"https:\/\/www.facebook.com\/Ch\u00e2teau-de-Chaintres-233665606700511\/\",\"https:\/\/twitter.com\/chaintres\",\"https:\/\/www.instagram.com\/chateau_de_chaintres\/\"]}]}<\/script>\n<!-- \/ Yoast SEO plugin. -->","yoast_head_json":{"title":"Terre de St. Cyr 2020 - Chateau de Chaintres","robots":{"index":"index","follow":"follow","max-snippet":"max-snippet:-1","max-image-preview":"max-image-preview:large","max-video-preview":"max-video-preview:-1"},"canonical":"https:\/\/chaintres.fr\/en\/product\/terre-de-st-cyr-2019\/","og_locale":"en_US","og_type":"article","og_title":"Terre de St. Cyr 2020 - Chateau de Chaintres","og_description":"Agriculture biologique certifi\u00e9 par EcoCert France  Vendange manuelle en caisses ajour\u00e9es, tri \u00e0 la vigne et au cellier avant encuvage par tapis. \u00c9grappage total. Fermentation en cuve inox thermor\u00e9gul\u00e9e \u00e0 une temp\u00e9rature comprise entre 18 et 24 degr\u00e9s. Pied de cuve avant d\u00e9part en fermentation alcoolique. Fin de la fermentation \u00e0 une temp\u00e9rature de 24 degr\u00e9s pour plus d\u2019\u00e9l\u00e9gance des vins. Mac\u00e9ration de 10 \u00e0 12 jours, \u00e9levage en cuve inox sur lies fines sans SO2 durant 4 \u00e0 5 mois afin de conserver le fruit du vin.  Collage et filtration suivant les mill\u00e9simes.  Robe: grenat aux reflets violines Nez: fruits rouges frais (cerise) Bouche: attaque fruit\u00e9e, la bouche est souple avec une finale min\u00e9rale et \u00e9l\u00e9gante. Accord mets vins: id\u00e9al au printemps et \u00e9t\u00e9 sur des charcuteries, grillades et fromages frais.  La garde : 3 \u00e0 5 ans","og_url":"https:\/\/chaintres.fr\/en\/product\/terre-de-st-cyr-2019\/","og_site_name":"Chateau de Chaintres","article_publisher":"https:\/\/www.facebook.com\/Ch%c3%a2teau-de-Chaintres-233665606700511\/","article_modified_time":"2023-07-07T12:55:37+00:00","og_image":[{"width":180,"height":500,"url":"https:\/\/chaintres.fr\/wp-content\/uploads\/2020\/11\/terre-de-st-cyr.jpg","type":"image\/jpeg"}],"twitter_card":"summary_large_image","twitter_site":"@chaintres","twitter_misc":{"Est. reading time":"1 minute"},"schema":{"@context":"https:\/\/schema.org","@graph":[{"@type":"WebPage","@id":"https:\/\/chaintres.fr\/product\/terre-de-st-cyr-2019\/","url":"https:\/\/chaintres.fr\/product\/terre-de-st-cyr-2019\/","name":"Terre de St. Cyr 2020 - Chateau de Chaintres","isPartOf":{"@id":"https:\/\/chaintres.fr\/#website"},"datePublished":"2020-11-27T19:12:08+00:00","dateModified":"2023-07-07T12:55:37+00:00","breadcrumb":{"@id":"https:\/\/chaintres.fr\/product\/terre-de-st-cyr-2019\/#breadcrumb"},"inLanguage":"en-US","potentialAction":[{"@type":"ReadAction","target":["https:\/\/chaintres.fr\/product\/terre-de-st-cyr-2019\/"]}]},{"@type":"BreadcrumbList","@id":"https:\/\/chaintres.fr\/product\/terre-de-st-cyr-2019\/#breadcrumb","itemListElement":[{"@type":"ListItem","position":1,"name":"Home","item":"https:\/\/chaintres.fr\/"},{"@type":"ListItem","position":2,"name":"Boutique","item":"https:\/\/chaintres.fr\/boutique\/"},{"@type":"ListItem","position":3,"name":"Terre de St. Cyr 2020"}]},{"@type":"WebSite","@id":"https:\/\/chaintres.fr\/#website","url":"https:\/\/chaintres.fr\/","name":"Chateau de Chaintres","description":"Saumur Champigny","publisher":{"@id":"https:\/\/chaintres.fr\/#organization"},"potentialAction":[{"@type":"SearchAction","target":{"@type":"EntryPoint","urlTemplate":"https:\/\/chaintres.fr\/?s={search_term_string}"},"query-input":"required name=search_term_string"}],"inLanguage":"en-US"},{"@type":"Organization","@id":"https:\/\/chaintres.fr\/#organization","name":"Chateau de Chaintres","url":"https:\/\/chaintres.fr\/","logo":{"@type":"ImageObject","inLanguage":"en-US","@id":"https:\/\/chaintres.fr\/#\/schema\/logo\/image\/","url":"https:\/\/chaintres.fr\/wp-content\/uploads\/2020\/10\/site-logo_header.png","contentUrl":"https:\/\/chaintres.fr\/wp-content\/uploads\/2020\/10\/site-logo_header.png","width":1167,"height":250,"caption":"Chateau de Chaintres"},"image":{"@id":"https:\/\/chaintres.fr\/#\/schema\/logo\/image\/"},"sameAs":["https:\/\/www.facebook.com\/Ch\u00e2teau-de-Chaintres-233665606700511\/","https:\/\/twitter.com\/chaintres","https:\/\/www.instagram.com\/chateau_de_chaintres\/"]}]}},"_links":{"self":[{"href":"https:\/\/chaintres.fr\/en\/wp-json\/wp\/v2\/product\/1142","targetHints":{"allow":["GET"]}}],"collection":[{"href":"https:\/\/chaintres.fr\/en\/wp-json\/wp\/v2\/product"}],"about":[{"href":"https:\/\/chaintres.fr\/en\/wp-json\/wp\/v2\/types\/product"}],"replies":[{"embeddable":true,"href":"https:\/\/chaintres.fr\/en\/wp-json\/wp\/v2\/comments?post=1142"}],"wp:featuredmedia":[{"embeddable":true,"href":"https:\/\/chaintres.fr\/en\/wp-json\/wp\/v2\/media\/1143"}],"wp:attachment":[{"href":"https:\/\/chaintres.fr\/en\/wp-json\/wp\/v2\/media?parent=1142"}],"wp:term":[{"taxonomy":"product_cat","embeddable":true,"href":"https:\/\/chaintres.fr\/en\/wp-json\/wp\/v2\/product_cat?post=1142"},{"taxonomy":"product_tag","embeddable":true,"href":"https:\/\/chaintres.fr\/en\/wp-json\/wp\/v2\/product_tag?post=1142"}],"curies":[{"name":"wp","href":"https:\/\/api.w.org\/{rel}","templated":true}]}}