{"id":1140,"date":"2020-11-27T20:08:23","date_gmt":"2020-11-27T19:08:23","guid":{"rendered":"http:\/\/osurjma.cluster030.hosting.ovh.net\/?post_type=product&#038;p=1140"},"modified":"2024-04-26T14:26:08","modified_gmt":"2024-04-26T13:26:08","slug":"terre-de-breze","status":"publish","type":"product","link":"https:\/\/chaintres.fr\/en\/product\/terre-de-breze\/","title":{"rendered":"Terre de Br\u00e9z\u00e9 2022"},"content":{"rendered":"<p><a href=\"https:\/\/chaintres.fr\/wp-content\/uploads\/2020\/11\/BREZE-2020.pdf\" target=\"_blank\" rel=\"noopener\">Voir la fiche technique<\/a><\/p>","protected":false},"excerpt":{"rendered":"<p>Vendange manuelle en caisses ajour\u00e9es, tri \u00e0 la vigne et au cellier avant encuvage par tapis. Pressurage pneumatique avec s\u00e9paration des tailles. Fermentation en cuve inox thermor\u00e9gul\u00e9e \u00e0 une temp\u00e9rature de 18\u00b0C. \u00c9levage sur lie fine durant 3 mois.<\/p>\n<p><strong>Robe:<\/strong> jaune p\u00e2le aux reflets dor\u00e9s.<br \/>\n<strong>Nez:<\/strong> \u00e9quilibre et complexit\u00e9 autour des agrumes (pomelo, \u00e9corces d\u2019oranges).<br \/>\n<strong>Bouche:<\/strong> belle attaque, zeste d\u2019oranges, texture ample et cr\u00e9meuse avec une finale sur les agrumes m\u00fbrs.<br \/>\n<strong>Accord mets vins:<\/strong> en ap\u00e9ritif, avec des poissons charnus, une blanquette de veau ou du fromage de ch\u00e8vres.<\/p>","protected":false},"featured_media":1141,"comment_status":"open","ping_status":"closed","template":"","meta":{"_vp_format_video_url":"","_vp_image_focal_point":[]},"product_cat":[26],"product_tag":[35],"class_list":{"0":"post-1140","1":"product","2":"type-product","3":"status-publish","4":"has-post-thumbnail","6":"product_cat-saumur-blanc","7":"product_tag-exmuros","8":"pa_cepage-chenin","10":"entry","11":"has-media","13":"first","14":"instock","15":"taxable","16":"shipping-taxable","17":"purchasable","18":"product-type-simple","19":"has-product-nav","20":"col","21":"span_1_of_3","22":"owp-content-center","23":"owp-thumbs-layout-horizontal","24":"owp-btn-normal","25":"owp-tabs-layout-horizontal"},"yoast_head":"<!-- This site is optimized with the Yoast SEO plugin v21.8 - https:\/\/yoast.com\/wordpress\/plugins\/seo\/ -->\n<title>Terre de Br\u00e9z\u00e9 2022 - Chateau de Chaintres<\/title>\n<meta name=\"robots\" content=\"index, follow, max-snippet:-1, max-image-preview:large, max-video-preview:-1\" \/>\n<link rel=\"canonical\" href=\"https:\/\/chaintres.fr\/en\/product\/terre-de-breze\/\" \/>\n<meta property=\"og:locale\" content=\"en_US\" \/>\n<meta property=\"og:type\" content=\"article\" \/>\n<meta property=\"og:title\" content=\"Terre de Br\u00e9z\u00e9 2022 - Chateau de Chaintres\" \/>\n<meta property=\"og:description\" content=\"Vendange manuelle en caisses ajour\u00e9es, tri \u00e0 la vigne et au cellier avant encuvage par tapis. Pressurage pneumatique avec s\u00e9paration des tailles. Fermentation en cuve inox thermor\u00e9gul\u00e9e \u00e0 une temp\u00e9rature de 18\u00b0C. \u00c9levage sur lie fine durant 3 mois.  Robe: jaune p\u00e2le aux reflets dor\u00e9s. Nez: \u00e9quilibre et complexit\u00e9 autour des agrumes (pomelo, \u00e9corces d\u2019oranges). Bouche: belle attaque, zeste d\u2019oranges, texture ample et cr\u00e9meuse avec une finale sur les agrumes m\u00fbrs. Accord mets vins: en ap\u00e9ritif, avec des poissons charnus, une blanquette de veau ou du fromage de ch\u00e8vres.\" \/>\n<meta property=\"og:url\" content=\"https:\/\/chaintres.fr\/en\/product\/terre-de-breze\/\" \/>\n<meta property=\"og:site_name\" content=\"Chateau de Chaintres\" \/>\n<meta property=\"article:publisher\" content=\"https:\/\/www.facebook.com\/Ch%c3%a2teau-de-Chaintres-233665606700511\/\" \/>\n<meta property=\"article:modified_time\" content=\"2024-04-26T13:26:08+00:00\" \/>\n<meta property=\"og:image\" content=\"https:\/\/chaintres.fr\/wp-content\/uploads\/2020\/11\/terre-de-breze.jpg\" \/>\n\t<meta property=\"og:image:width\" content=\"180\" \/>\n\t<meta property=\"og:image:height\" content=\"500\" \/>\n\t<meta property=\"og:image:type\" content=\"image\/jpeg\" \/>\n<meta name=\"twitter:card\" content=\"summary_large_image\" \/>\n<meta name=\"twitter:site\" content=\"@chaintres\" \/>\n<script type=\"application\/ld+json\" class=\"yoast-schema-graph\">{\"@context\":\"https:\/\/schema.org\",\"@graph\":[{\"@type\":\"WebPage\",\"@id\":\"https:\/\/chaintres.fr\/product\/terre-de-breze\/\",\"url\":\"https:\/\/chaintres.fr\/product\/terre-de-breze\/\",\"name\":\"Terre de Br\u00e9z\u00e9 2022 - Chateau de Chaintres\",\"isPartOf\":{\"@id\":\"https:\/\/chaintres.fr\/#website\"},\"datePublished\":\"2020-11-27T19:08:23+00:00\",\"dateModified\":\"2024-04-26T13:26:08+00:00\",\"breadcrumb\":{\"@id\":\"https:\/\/chaintres.fr\/product\/terre-de-breze\/#breadcrumb\"},\"inLanguage\":\"en-US\",\"potentialAction\":[{\"@type\":\"ReadAction\",\"target\":[\"https:\/\/chaintres.fr\/product\/terre-de-breze\/\"]}]},{\"@type\":\"BreadcrumbList\",\"@id\":\"https:\/\/chaintres.fr\/product\/terre-de-breze\/#breadcrumb\",\"itemListElement\":[{\"@type\":\"ListItem\",\"position\":1,\"name\":\"Home\",\"item\":\"https:\/\/chaintres.fr\/\"},{\"@type\":\"ListItem\",\"position\":2,\"name\":\"Boutique\",\"item\":\"https:\/\/chaintres.fr\/boutique\/\"},{\"@type\":\"ListItem\",\"position\":3,\"name\":\"Terre de Br\u00e9z\u00e9 2022\"}]},{\"@type\":\"WebSite\",\"@id\":\"https:\/\/chaintres.fr\/#website\",\"url\":\"https:\/\/chaintres.fr\/\",\"name\":\"Chateau de Chaintres\",\"description\":\"Saumur Champigny\",\"publisher\":{\"@id\":\"https:\/\/chaintres.fr\/#organization\"},\"potentialAction\":[{\"@type\":\"SearchAction\",\"target\":{\"@type\":\"EntryPoint\",\"urlTemplate\":\"https:\/\/chaintres.fr\/?s={search_term_string}\"},\"query-input\":\"required name=search_term_string\"}],\"inLanguage\":\"en-US\"},{\"@type\":\"Organization\",\"@id\":\"https:\/\/chaintres.fr\/#organization\",\"name\":\"Chateau de Chaintres\",\"url\":\"https:\/\/chaintres.fr\/\",\"logo\":{\"@type\":\"ImageObject\",\"inLanguage\":\"en-US\",\"@id\":\"https:\/\/chaintres.fr\/#\/schema\/logo\/image\/\",\"url\":\"https:\/\/chaintres.fr\/wp-content\/uploads\/2020\/10\/site-logo_header.png\",\"contentUrl\":\"https:\/\/chaintres.fr\/wp-content\/uploads\/2020\/10\/site-logo_header.png\",\"width\":1167,\"height\":250,\"caption\":\"Chateau de Chaintres\"},\"image\":{\"@id\":\"https:\/\/chaintres.fr\/#\/schema\/logo\/image\/\"},\"sameAs\":[\"https:\/\/www.facebook.com\/Ch\u00e2teau-de-Chaintres-233665606700511\/\",\"https:\/\/twitter.com\/chaintres\",\"https:\/\/www.instagram.com\/chateau_de_chaintres\/\"]}]}<\/script>\n<!-- \/ Yoast SEO plugin. -->","yoast_head_json":{"title":"Terre de Br\u00e9z\u00e9 2022 - Chateau de Chaintres","robots":{"index":"index","follow":"follow","max-snippet":"max-snippet:-1","max-image-preview":"max-image-preview:large","max-video-preview":"max-video-preview:-1"},"canonical":"https:\/\/chaintres.fr\/en\/product\/terre-de-breze\/","og_locale":"en_US","og_type":"article","og_title":"Terre de Br\u00e9z\u00e9 2022 - Chateau de Chaintres","og_description":"Vendange manuelle en caisses ajour\u00e9es, tri \u00e0 la vigne et au cellier avant encuvage par tapis. Pressurage pneumatique avec s\u00e9paration des tailles. Fermentation en cuve inox thermor\u00e9gul\u00e9e \u00e0 une temp\u00e9rature de 18\u00b0C. \u00c9levage sur lie fine durant 3 mois.  Robe: jaune p\u00e2le aux reflets dor\u00e9s. Nez: \u00e9quilibre et complexit\u00e9 autour des agrumes (pomelo, \u00e9corces d\u2019oranges). Bouche: belle attaque, zeste d\u2019oranges, texture ample et cr\u00e9meuse avec une finale sur les agrumes m\u00fbrs. Accord mets vins: en ap\u00e9ritif, avec des poissons charnus, une blanquette de veau ou du fromage de ch\u00e8vres.","og_url":"https:\/\/chaintres.fr\/en\/product\/terre-de-breze\/","og_site_name":"Chateau de Chaintres","article_publisher":"https:\/\/www.facebook.com\/Ch%c3%a2teau-de-Chaintres-233665606700511\/","article_modified_time":"2024-04-26T13:26:08+00:00","og_image":[{"width":180,"height":500,"url":"https:\/\/chaintres.fr\/wp-content\/uploads\/2020\/11\/terre-de-breze.jpg","type":"image\/jpeg"}],"twitter_card":"summary_large_image","twitter_site":"@chaintres","schema":{"@context":"https:\/\/schema.org","@graph":[{"@type":"WebPage","@id":"https:\/\/chaintres.fr\/product\/terre-de-breze\/","url":"https:\/\/chaintres.fr\/product\/terre-de-breze\/","name":"Terre de Br\u00e9z\u00e9 2022 - Chateau de Chaintres","isPartOf":{"@id":"https:\/\/chaintres.fr\/#website"},"datePublished":"2020-11-27T19:08:23+00:00","dateModified":"2024-04-26T13:26:08+00:00","breadcrumb":{"@id":"https:\/\/chaintres.fr\/product\/terre-de-breze\/#breadcrumb"},"inLanguage":"en-US","potentialAction":[{"@type":"ReadAction","target":["https:\/\/chaintres.fr\/product\/terre-de-breze\/"]}]},{"@type":"BreadcrumbList","@id":"https:\/\/chaintres.fr\/product\/terre-de-breze\/#breadcrumb","itemListElement":[{"@type":"ListItem","position":1,"name":"Home","item":"https:\/\/chaintres.fr\/"},{"@type":"ListItem","position":2,"name":"Boutique","item":"https:\/\/chaintres.fr\/boutique\/"},{"@type":"ListItem","position":3,"name":"Terre de Br\u00e9z\u00e9 2022"}]},{"@type":"WebSite","@id":"https:\/\/chaintres.fr\/#website","url":"https:\/\/chaintres.fr\/","name":"Chateau de Chaintres","description":"Saumur Champigny","publisher":{"@id":"https:\/\/chaintres.fr\/#organization"},"potentialAction":[{"@type":"SearchAction","target":{"@type":"EntryPoint","urlTemplate":"https:\/\/chaintres.fr\/?s={search_term_string}"},"query-input":"required name=search_term_string"}],"inLanguage":"en-US"},{"@type":"Organization","@id":"https:\/\/chaintres.fr\/#organization","name":"Chateau de Chaintres","url":"https:\/\/chaintres.fr\/","logo":{"@type":"ImageObject","inLanguage":"en-US","@id":"https:\/\/chaintres.fr\/#\/schema\/logo\/image\/","url":"https:\/\/chaintres.fr\/wp-content\/uploads\/2020\/10\/site-logo_header.png","contentUrl":"https:\/\/chaintres.fr\/wp-content\/uploads\/2020\/10\/site-logo_header.png","width":1167,"height":250,"caption":"Chateau de Chaintres"},"image":{"@id":"https:\/\/chaintres.fr\/#\/schema\/logo\/image\/"},"sameAs":["https:\/\/www.facebook.com\/Ch\u00e2teau-de-Chaintres-233665606700511\/","https:\/\/twitter.com\/chaintres","https:\/\/www.instagram.com\/chateau_de_chaintres\/"]}]}},"_links":{"self":[{"href":"https:\/\/chaintres.fr\/en\/wp-json\/wp\/v2\/product\/1140","targetHints":{"allow":["GET"]}}],"collection":[{"href":"https:\/\/chaintres.fr\/en\/wp-json\/wp\/v2\/product"}],"about":[{"href":"https:\/\/chaintres.fr\/en\/wp-json\/wp\/v2\/types\/product"}],"replies":[{"embeddable":true,"href":"https:\/\/chaintres.fr\/en\/wp-json\/wp\/v2\/comments?post=1140"}],"wp:featuredmedia":[{"embeddable":true,"href":"https:\/\/chaintres.fr\/en\/wp-json\/wp\/v2\/media\/1141"}],"wp:attachment":[{"href":"https:\/\/chaintres.fr\/en\/wp-json\/wp\/v2\/media?parent=1140"}],"wp:term":[{"taxonomy":"product_cat","embeddable":true,"href":"https:\/\/chaintres.fr\/en\/wp-json\/wp\/v2\/product_cat?post=1140"},{"taxonomy":"product_tag","embeddable":true,"href":"https:\/\/chaintres.fr\/en\/wp-json\/wp\/v2\/product_tag?post=1140"}],"curies":[{"name":"wp","href":"https:\/\/api.w.org\/{rel}","templated":true}]}}