{"id":1002683,"date":"2024-11-18T18:36:16","date_gmt":"2024-11-18T17:36:16","guid":{"rendered":"https:\/\/chaintres.fr\/?post_type=product&#038;p=1002683"},"modified":"2024-11-18T18:51:58","modified_gmt":"2024-11-18T17:51:58","slug":"terre-dailleurs-2023","status":"publish","type":"product","link":"https:\/\/chaintres.fr\/en\/product\/terre-dailleurs-2023\/","title":{"rendered":"Terre d&rsquo;Ailleurs 2023"},"content":{"rendered":"<p><a href=\"https:\/\/chaintres.fr\/wp-content\/uploads\/2024\/11\/TERRE-DAILLEURS-2023.pdf\">TERRE D&rsquo;AILLEURS 2023<\/a><\/p>","protected":false},"excerpt":{"rendered":"<p>50% Chenin Blanc, 50% Chardonnay<\/p>\n<p>&nbsp;<\/p>\n<p><strong>Terroir: <\/strong><\/p>\n<p><strong>\u00a0<\/strong><\/p>\n<p>Localisation : Les Touches de P\u00e9rigny, Charente Maritime<\/p>\n<p>Raisins issus d\u2019agriculture biodynamique certifi\u00e9e par demeter<\/p>\n<p><strong>\u00a0<\/strong><\/p>\n<p><strong>\u00a0<\/strong><\/p>\n<p><strong>Vinification\u00a0: <\/strong><\/p>\n<p><strong>\u00a0<\/strong><\/p>\n<p>Vendanges manuelles avec tri \u00e0 la vigne et \u00e0 la r\u00e9ception.<\/p>\n<p>Le chardonnay et le chenin ont \u00e9t\u00e9 vendang\u00e9s \u00e0 une semaine d&rsquo;intervalle et ferment\u00e9s s\u00e9par\u00e9ment\u00a0; le chardonnay en f\u00fbts de 500L et le chenin en cuve.<\/p>\n<p>Les vins sont soutir\u00e9s sur lies et assembl\u00e9s apr\u00e8s la fin de la fermentation. Ils sont \u00e9lev\u00e9s ensemble sur lies fines en f\u00fbts de 500 L et cuve tronconique en bois pendant 9 mois avant mise en bouteille.<\/p>","protected":false},"featured_media":1141,"comment_status":"open","ping_status":"closed","template":"","meta":{"_vp_format_video_url":"","_vp_image_focal_point":[]},"product_cat":[46],"product_tag":[52,35,47],"class_list":{"0":"post-1002683","1":"product","2":"type-product","3":"status-publish","4":"has-post-thumbnail","6":"product_cat-vin-de-france","7":"product_tag-chenin","8":"product_tag-exmuros","9":"product_tag-vin-de-france","10":"pa_cepage-chenin","12":"entry","13":"has-media","15":"first","16":"instock","17":"taxable","18":"shipping-taxable","19":"purchasable","20":"product-type-simple","21":"has-product-nav","22":"col","23":"span_1_of_3","24":"owp-content-center","25":"owp-thumbs-layout-horizontal","26":"owp-btn-normal","27":"owp-tabs-layout-horizontal"},"yoast_head":"<!-- This site is optimized with the Yoast SEO plugin v21.8 - https:\/\/yoast.com\/wordpress\/plugins\/seo\/ -->\n<title>Terre d&#039;Ailleurs 2023 - Chateau de Chaintres<\/title>\n<meta name=\"robots\" content=\"index, follow, max-snippet:-1, max-image-preview:large, max-video-preview:-1\" \/>\n<link rel=\"canonical\" href=\"https:\/\/chaintres.fr\/en\/product\/terre-dailleurs-2023\/\" \/>\n<meta property=\"og:locale\" content=\"en_US\" \/>\n<meta property=\"og:type\" content=\"article\" \/>\n<meta property=\"og:title\" content=\"Terre d&#039;Ailleurs 2023 - Chateau de Chaintres\" \/>\n<meta property=\"og:description\" content=\"50% Chenin Blanc, 50% Chardonnay  &nbsp;  Terroir:   \u00a0  Localisation : Les Touches de P\u00e9rigny, Charente Maritime  Raisins issus d\u2019agriculture biodynamique certifi\u00e9e par demeter  \u00a0  \u00a0  Vinification\u00a0:   \u00a0  Vendanges manuelles avec tri \u00e0 la vigne et \u00e0 la r\u00e9ception.  Le chardonnay et le chenin ont \u00e9t\u00e9 vendang\u00e9s \u00e0 une semaine d&#039;intervalle et ferment\u00e9s s\u00e9par\u00e9ment\u00a0; le chardonnay en f\u00fbts de 500L et le chenin en cuve.  Les vins sont soutir\u00e9s sur lies et assembl\u00e9s apr\u00e8s la fin de la fermentation. Ils sont \u00e9lev\u00e9s ensemble sur lies fines en f\u00fbts de 500 L et cuve tronconique en bois pendant 9 mois avant mise en bouteille.\" \/>\n<meta property=\"og:url\" content=\"https:\/\/chaintres.fr\/en\/product\/terre-dailleurs-2023\/\" \/>\n<meta property=\"og:site_name\" content=\"Chateau de Chaintres\" \/>\n<meta property=\"article:publisher\" content=\"https:\/\/www.facebook.com\/Ch%c3%a2teau-de-Chaintres-233665606700511\/\" \/>\n<meta property=\"article:modified_time\" content=\"2024-11-18T17:51:58+00:00\" \/>\n<meta property=\"og:image\" content=\"https:\/\/chaintres.fr\/wp-content\/uploads\/2020\/11\/terre-de-breze.jpg\" \/>\n\t<meta property=\"og:image:width\" content=\"180\" \/>\n\t<meta property=\"og:image:height\" content=\"500\" \/>\n\t<meta property=\"og:image:type\" content=\"image\/jpeg\" \/>\n<meta name=\"twitter:card\" content=\"summary_large_image\" \/>\n<meta name=\"twitter:site\" content=\"@chaintres\" \/>\n<script type=\"application\/ld+json\" class=\"yoast-schema-graph\">{\"@context\":\"https:\/\/schema.org\",\"@graph\":[{\"@type\":\"WebPage\",\"@id\":\"https:\/\/chaintres.fr\/product\/terre-dailleurs-2023\/\",\"url\":\"https:\/\/chaintres.fr\/product\/terre-dailleurs-2023\/\",\"name\":\"Terre d'Ailleurs 2023 - Chateau de Chaintres\",\"isPartOf\":{\"@id\":\"https:\/\/chaintres.fr\/#website\"},\"datePublished\":\"2024-11-18T17:36:16+00:00\",\"dateModified\":\"2024-11-18T17:51:58+00:00\",\"breadcrumb\":{\"@id\":\"https:\/\/chaintres.fr\/product\/terre-dailleurs-2023\/#breadcrumb\"},\"inLanguage\":\"en-US\",\"potentialAction\":[{\"@type\":\"ReadAction\",\"target\":[\"https:\/\/chaintres.fr\/product\/terre-dailleurs-2023\/\"]}]},{\"@type\":\"BreadcrumbList\",\"@id\":\"https:\/\/chaintres.fr\/product\/terre-dailleurs-2023\/#breadcrumb\",\"itemListElement\":[{\"@type\":\"ListItem\",\"position\":1,\"name\":\"Home\",\"item\":\"https:\/\/chaintres.fr\/\"},{\"@type\":\"ListItem\",\"position\":2,\"name\":\"Boutique\",\"item\":\"https:\/\/chaintres.fr\/boutique\/\"},{\"@type\":\"ListItem\",\"position\":3,\"name\":\"Terre d&rsquo;Ailleurs 2023\"}]},{\"@type\":\"WebSite\",\"@id\":\"https:\/\/chaintres.fr\/#website\",\"url\":\"https:\/\/chaintres.fr\/\",\"name\":\"Chateau de Chaintres\",\"description\":\"Saumur Champigny\",\"publisher\":{\"@id\":\"https:\/\/chaintres.fr\/#organization\"},\"potentialAction\":[{\"@type\":\"SearchAction\",\"target\":{\"@type\":\"EntryPoint\",\"urlTemplate\":\"https:\/\/chaintres.fr\/?s={search_term_string}\"},\"query-input\":\"required name=search_term_string\"}],\"inLanguage\":\"en-US\"},{\"@type\":\"Organization\",\"@id\":\"https:\/\/chaintres.fr\/#organization\",\"name\":\"Chateau de Chaintres\",\"url\":\"https:\/\/chaintres.fr\/\",\"logo\":{\"@type\":\"ImageObject\",\"inLanguage\":\"en-US\",\"@id\":\"https:\/\/chaintres.fr\/#\/schema\/logo\/image\/\",\"url\":\"https:\/\/chaintres.fr\/wp-content\/uploads\/2020\/10\/site-logo_header.png\",\"contentUrl\":\"https:\/\/chaintres.fr\/wp-content\/uploads\/2020\/10\/site-logo_header.png\",\"width\":1167,\"height\":250,\"caption\":\"Chateau de Chaintres\"},\"image\":{\"@id\":\"https:\/\/chaintres.fr\/#\/schema\/logo\/image\/\"},\"sameAs\":[\"https:\/\/www.facebook.com\/Ch\u00e2teau-de-Chaintres-233665606700511\/\",\"https:\/\/twitter.com\/chaintres\",\"https:\/\/www.instagram.com\/chateau_de_chaintres\/\"]}]}<\/script>\n<!-- \/ Yoast SEO plugin. -->","yoast_head_json":{"title":"Terre d'Ailleurs 2023 - Chateau de Chaintres","robots":{"index":"index","follow":"follow","max-snippet":"max-snippet:-1","max-image-preview":"max-image-preview:large","max-video-preview":"max-video-preview:-1"},"canonical":"https:\/\/chaintres.fr\/en\/product\/terre-dailleurs-2023\/","og_locale":"en_US","og_type":"article","og_title":"Terre d'Ailleurs 2023 - Chateau de Chaintres","og_description":"50% Chenin Blanc, 50% Chardonnay  &nbsp;  Terroir:   \u00a0  Localisation : Les Touches de P\u00e9rigny, Charente Maritime  Raisins issus d\u2019agriculture biodynamique certifi\u00e9e par demeter  \u00a0  \u00a0  Vinification\u00a0:   \u00a0  Vendanges manuelles avec tri \u00e0 la vigne et \u00e0 la r\u00e9ception.  Le chardonnay et le chenin ont \u00e9t\u00e9 vendang\u00e9s \u00e0 une semaine d'intervalle et ferment\u00e9s s\u00e9par\u00e9ment\u00a0; le chardonnay en f\u00fbts de 500L et le chenin en cuve.  Les vins sont soutir\u00e9s sur lies et assembl\u00e9s apr\u00e8s la fin de la fermentation. Ils sont \u00e9lev\u00e9s ensemble sur lies fines en f\u00fbts de 500 L et cuve tronconique en bois pendant 9 mois avant mise en bouteille.","og_url":"https:\/\/chaintres.fr\/en\/product\/terre-dailleurs-2023\/","og_site_name":"Chateau de Chaintres","article_publisher":"https:\/\/www.facebook.com\/Ch%c3%a2teau-de-Chaintres-233665606700511\/","article_modified_time":"2024-11-18T17:51:58+00:00","og_image":[{"width":180,"height":500,"url":"https:\/\/chaintres.fr\/wp-content\/uploads\/2020\/11\/terre-de-breze.jpg","type":"image\/jpeg"}],"twitter_card":"summary_large_image","twitter_site":"@chaintres","schema":{"@context":"https:\/\/schema.org","@graph":[{"@type":"WebPage","@id":"https:\/\/chaintres.fr\/product\/terre-dailleurs-2023\/","url":"https:\/\/chaintres.fr\/product\/terre-dailleurs-2023\/","name":"Terre d'Ailleurs 2023 - Chateau de Chaintres","isPartOf":{"@id":"https:\/\/chaintres.fr\/#website"},"datePublished":"2024-11-18T17:36:16+00:00","dateModified":"2024-11-18T17:51:58+00:00","breadcrumb":{"@id":"https:\/\/chaintres.fr\/product\/terre-dailleurs-2023\/#breadcrumb"},"inLanguage":"en-US","potentialAction":[{"@type":"ReadAction","target":["https:\/\/chaintres.fr\/product\/terre-dailleurs-2023\/"]}]},{"@type":"BreadcrumbList","@id":"https:\/\/chaintres.fr\/product\/terre-dailleurs-2023\/#breadcrumb","itemListElement":[{"@type":"ListItem","position":1,"name":"Home","item":"https:\/\/chaintres.fr\/"},{"@type":"ListItem","position":2,"name":"Boutique","item":"https:\/\/chaintres.fr\/boutique\/"},{"@type":"ListItem","position":3,"name":"Terre d&rsquo;Ailleurs 2023"}]},{"@type":"WebSite","@id":"https:\/\/chaintres.fr\/#website","url":"https:\/\/chaintres.fr\/","name":"Chateau de Chaintres","description":"Saumur Champigny","publisher":{"@id":"https:\/\/chaintres.fr\/#organization"},"potentialAction":[{"@type":"SearchAction","target":{"@type":"EntryPoint","urlTemplate":"https:\/\/chaintres.fr\/?s={search_term_string}"},"query-input":"required name=search_term_string"}],"inLanguage":"en-US"},{"@type":"Organization","@id":"https:\/\/chaintres.fr\/#organization","name":"Chateau de Chaintres","url":"https:\/\/chaintres.fr\/","logo":{"@type":"ImageObject","inLanguage":"en-US","@id":"https:\/\/chaintres.fr\/#\/schema\/logo\/image\/","url":"https:\/\/chaintres.fr\/wp-content\/uploads\/2020\/10\/site-logo_header.png","contentUrl":"https:\/\/chaintres.fr\/wp-content\/uploads\/2020\/10\/site-logo_header.png","width":1167,"height":250,"caption":"Chateau de Chaintres"},"image":{"@id":"https:\/\/chaintres.fr\/#\/schema\/logo\/image\/"},"sameAs":["https:\/\/www.facebook.com\/Ch\u00e2teau-de-Chaintres-233665606700511\/","https:\/\/twitter.com\/chaintres","https:\/\/www.instagram.com\/chateau_de_chaintres\/"]}]}},"_links":{"self":[{"href":"https:\/\/chaintres.fr\/en\/wp-json\/wp\/v2\/product\/1002683","targetHints":{"allow":["GET"]}}],"collection":[{"href":"https:\/\/chaintres.fr\/en\/wp-json\/wp\/v2\/product"}],"about":[{"href":"https:\/\/chaintres.fr\/en\/wp-json\/wp\/v2\/types\/product"}],"replies":[{"embeddable":true,"href":"https:\/\/chaintres.fr\/en\/wp-json\/wp\/v2\/comments?post=1002683"}],"wp:featuredmedia":[{"embeddable":true,"href":"https:\/\/chaintres.fr\/en\/wp-json\/wp\/v2\/media\/1141"}],"wp:attachment":[{"href":"https:\/\/chaintres.fr\/en\/wp-json\/wp\/v2\/media?parent=1002683"}],"wp:term":[{"taxonomy":"product_cat","embeddable":true,"href":"https:\/\/chaintres.fr\/en\/wp-json\/wp\/v2\/product_cat?post=1002683"},{"taxonomy":"product_tag","embeddable":true,"href":"https:\/\/chaintres.fr\/en\/wp-json\/wp\/v2\/product_tag?post=1002683"}],"curies":[{"name":"wp","href":"https:\/\/api.w.org\/{rel}","templated":true}]}}