{"id":1002644,"date":"2024-04-26T14:26:38","date_gmt":"2024-04-26T13:26:38","guid":{"rendered":"https:\/\/chaintres.fr\/?post_type=product&#038;p=1002644"},"modified":"2025-10-13T14:41:46","modified_gmt":"2025-10-13T13:41:46","slug":"bdn1-2023","status":"publish","type":"product","link":"https:\/\/chaintres.fr\/en\/product\/bdn1-2023\/","title":{"rendered":"BDN1 2023"},"content":{"rendered":"<p>Notre nouvelle cuv\u00e9e, un blanc de noirs 100% Cabernet Franc, fruit\u00e9 et rafra\u00eechissant!<\/p>\n<hr \/>\n<p><strong>Travail de la vigne :<\/strong><\/p>\n<p>Rendement : 40Hl\/Ha<br \/>\nTravail du sol : labour, d\u00e9chaussage sous le rang<br \/>\nTravail biologique, certification Ecocert France<br \/>\nTravail biodynamique, certification Demeter et Biodyvin<\/p>\n<p><strong>Vinification :<\/strong><\/p>\n<p>100% Cabernet Franc<br \/>\nVendange manuelle en caisse ajour\u00e9es.<br \/>\nPressurage direct grappe enti\u00e8re.<br \/>\nS\u00e9paration des tailles.<br \/>\nD\u00e9bourbage des mo\u00fbts \u00e0 froid et<br \/>\nfermentation en cuve en cuve inox<br \/>\nthermor\u00e9gul\u00e9e \u00e0 17\u00b0C (levures<br \/>\nindig\u00e8nes).<br \/>\nMise en bouteille apr\u00e8s 4 mois<br \/>\nd\u2019\u00e9levage.<\/p>\n<p><strong>Vignoble :<\/strong><\/p>\n<p>Localisation : Dampierre sur Loire, lieu-dit Chaintre<br \/>\nTerroir : Sablo-Limoneux colluvions<br \/>\nEtage : s\u00e9ronien \u00e0 turonien sup\u00e9rieur<br \/>\nAge moyen des vignes : sup\u00e9rieur \u00e0 30 ans<br \/>\nEnc\u00e9pagement : 100% cabernet franc<\/p>","protected":false},"excerpt":{"rendered":"<p>Notre nouvelle cuv\u00e9e, un blanc de noirs 100% Cabernet Franc, fruit\u00e9 et rafra\u00eechissant!<\/p>\n<p>Titre alcoom\u00e9trique : 11,5%<\/p>","protected":false},"featured_media":1002652,"comment_status":"open","ping_status":"closed","template":"","meta":{"_vp_format_video_url":"","_vp_image_focal_point":[]},"product_cat":[46],"product_tag":[37,47],"class_list":{"0":"post-1002644","1":"product","2":"type-product","3":"status-publish","4":"has-post-thumbnail","6":"product_cat-vin-de-france","7":"product_tag-chaintres","8":"product_tag-vin-de-france","9":"pa_cepage-chenin","11":"entry","12":"has-media","14":"first","15":"instock","16":"taxable","17":"shipping-taxable","18":"purchasable","19":"product-type-simple","20":"has-product-nav","21":"col","22":"span_1_of_3","23":"owp-content-center","24":"owp-thumbs-layout-horizontal","25":"owp-btn-normal","26":"owp-tabs-layout-horizontal"},"yoast_head":"<!-- This site is optimized with the Yoast SEO plugin v21.8 - https:\/\/yoast.com\/wordpress\/plugins\/seo\/ -->\n<title>BDN1 2023 - Chateau de Chaintres<\/title>\n<meta name=\"description\" content=\"BDN1, le Blanc de Noir BDN1 2023 \u2013 Ch\u00e2teau de Chaintres\u00a0: un blanc de noirs 100\u202f% Cabernet\u2011Franc fruit\u00e9 et rafra\u00eechissant. Vin de France id\u00e9al pour l\u2019\u00e9t\u00e9.\" \/>\n<meta name=\"robots\" content=\"index, follow, max-snippet:-1, max-image-preview:large, max-video-preview:-1\" \/>\n<link rel=\"canonical\" href=\"https:\/\/chaintres.fr\/en\/product\/bdn1-2023\/\" \/>\n<meta property=\"og:locale\" content=\"en_US\" \/>\n<meta property=\"og:type\" content=\"article\" \/>\n<meta property=\"og:title\" content=\"BDN1 2023 - Chateau de Chaintres\" \/>\n<meta property=\"og:description\" content=\"BDN1, le Blanc de Noir BDN1 2023 \u2013 Ch\u00e2teau de Chaintres\u00a0: un blanc de noirs 100\u202f% Cabernet\u2011Franc fruit\u00e9 et rafra\u00eechissant. Vin de France id\u00e9al pour l\u2019\u00e9t\u00e9.\" \/>\n<meta property=\"og:url\" content=\"https:\/\/chaintres.fr\/en\/product\/bdn1-2023\/\" \/>\n<meta property=\"og:site_name\" content=\"Chateau de Chaintres\" \/>\n<meta property=\"article:publisher\" content=\"https:\/\/www.facebook.com\/Ch%c3%a2teau-de-Chaintres-233665606700511\/\" \/>\n<meta property=\"article:modified_time\" content=\"2025-10-13T13:41:46+00:00\" \/>\n<meta property=\"og:image\" content=\"https:\/\/chaintres.fr\/wp-content\/uploads\/2024\/04\/bdn1.jpg\" \/>\n\t<meta property=\"og:image:width\" content=\"137\" \/>\n\t<meta property=\"og:image:height\" content=\"500\" \/>\n\t<meta property=\"og:image:type\" content=\"image\/jpeg\" \/>\n<meta name=\"twitter:card\" content=\"summary_large_image\" \/>\n<meta name=\"twitter:site\" content=\"@chaintres\" \/>\n<meta name=\"twitter:label1\" content=\"Est. reading time\" \/>\n\t<meta name=\"twitter:data1\" content=\"1 minute\" \/>\n<script type=\"application\/ld+json\" class=\"yoast-schema-graph\">{\"@context\":\"https:\/\/schema.org\",\"@graph\":[{\"@type\":\"WebPage\",\"@id\":\"https:\/\/chaintres.fr\/product\/bdn1-2023\/\",\"url\":\"https:\/\/chaintres.fr\/product\/bdn1-2023\/\",\"name\":\"BDN1 2023 - Chateau de Chaintres\",\"isPartOf\":{\"@id\":\"https:\/\/chaintres.fr\/#website\"},\"datePublished\":\"2024-04-26T13:26:38+00:00\",\"dateModified\":\"2025-10-13T13:41:46+00:00\",\"description\":\"BDN1, le Blanc de Noir BDN1 2023 \u2013 Ch\u00e2teau de Chaintres\u00a0: un blanc de noirs 100\u202f% Cabernet\u2011Franc fruit\u00e9 et rafra\u00eechissant. Vin de France id\u00e9al pour l\u2019\u00e9t\u00e9.\",\"breadcrumb\":{\"@id\":\"https:\/\/chaintres.fr\/product\/bdn1-2023\/#breadcrumb\"},\"inLanguage\":\"en-US\",\"potentialAction\":[{\"@type\":\"ReadAction\",\"target\":[\"https:\/\/chaintres.fr\/product\/bdn1-2023\/\"]}]},{\"@type\":\"BreadcrumbList\",\"@id\":\"https:\/\/chaintres.fr\/product\/bdn1-2023\/#breadcrumb\",\"itemListElement\":[{\"@type\":\"ListItem\",\"position\":1,\"name\":\"Home\",\"item\":\"https:\/\/chaintres.fr\/\"},{\"@type\":\"ListItem\",\"position\":2,\"name\":\"Boutique\",\"item\":\"https:\/\/chaintres.fr\/boutique\/\"},{\"@type\":\"ListItem\",\"position\":3,\"name\":\"BDN1 2023\"}]},{\"@type\":\"WebSite\",\"@id\":\"https:\/\/chaintres.fr\/#website\",\"url\":\"https:\/\/chaintres.fr\/\",\"name\":\"Chateau de Chaintres\",\"description\":\"Saumur Champigny\",\"publisher\":{\"@id\":\"https:\/\/chaintres.fr\/#organization\"},\"potentialAction\":[{\"@type\":\"SearchAction\",\"target\":{\"@type\":\"EntryPoint\",\"urlTemplate\":\"https:\/\/chaintres.fr\/?s={search_term_string}\"},\"query-input\":\"required name=search_term_string\"}],\"inLanguage\":\"en-US\"},{\"@type\":\"Organization\",\"@id\":\"https:\/\/chaintres.fr\/#organization\",\"name\":\"Chateau de Chaintres\",\"url\":\"https:\/\/chaintres.fr\/\",\"logo\":{\"@type\":\"ImageObject\",\"inLanguage\":\"en-US\",\"@id\":\"https:\/\/chaintres.fr\/#\/schema\/logo\/image\/\",\"url\":\"https:\/\/chaintres.fr\/wp-content\/uploads\/2020\/10\/site-logo_header.png\",\"contentUrl\":\"https:\/\/chaintres.fr\/wp-content\/uploads\/2020\/10\/site-logo_header.png\",\"width\":1167,\"height\":250,\"caption\":\"Chateau de Chaintres\"},\"image\":{\"@id\":\"https:\/\/chaintres.fr\/#\/schema\/logo\/image\/\"},\"sameAs\":[\"https:\/\/www.facebook.com\/Ch\u00e2teau-de-Chaintres-233665606700511\/\",\"https:\/\/twitter.com\/chaintres\",\"https:\/\/www.instagram.com\/chateau_de_chaintres\/\"]}]}<\/script>\n<!-- \/ Yoast SEO plugin. -->","yoast_head_json":{"title":"BDN1 2023 - Chateau de Chaintres","description":"BDN1, le Blanc de Noir BDN1 2023 \u2013 Ch\u00e2teau de Chaintres\u00a0: un blanc de noirs 100\u202f% Cabernet\u2011Franc fruit\u00e9 et rafra\u00eechissant. Vin de France id\u00e9al pour l\u2019\u00e9t\u00e9.","robots":{"index":"index","follow":"follow","max-snippet":"max-snippet:-1","max-image-preview":"max-image-preview:large","max-video-preview":"max-video-preview:-1"},"canonical":"https:\/\/chaintres.fr\/en\/product\/bdn1-2023\/","og_locale":"en_US","og_type":"article","og_title":"BDN1 2023 - Chateau de Chaintres","og_description":"BDN1, le Blanc de Noir BDN1 2023 \u2013 Ch\u00e2teau de Chaintres\u00a0: un blanc de noirs 100\u202f% Cabernet\u2011Franc fruit\u00e9 et rafra\u00eechissant. Vin de France id\u00e9al pour l\u2019\u00e9t\u00e9.","og_url":"https:\/\/chaintres.fr\/en\/product\/bdn1-2023\/","og_site_name":"Chateau de Chaintres","article_publisher":"https:\/\/www.facebook.com\/Ch%c3%a2teau-de-Chaintres-233665606700511\/","article_modified_time":"2025-10-13T13:41:46+00:00","og_image":[{"width":137,"height":500,"url":"https:\/\/chaintres.fr\/wp-content\/uploads\/2024\/04\/bdn1.jpg","type":"image\/jpeg"}],"twitter_card":"summary_large_image","twitter_site":"@chaintres","twitter_misc":{"Est. reading time":"1 minute"},"schema":{"@context":"https:\/\/schema.org","@graph":[{"@type":"WebPage","@id":"https:\/\/chaintres.fr\/product\/bdn1-2023\/","url":"https:\/\/chaintres.fr\/product\/bdn1-2023\/","name":"BDN1 2023 - Chateau de Chaintres","isPartOf":{"@id":"https:\/\/chaintres.fr\/#website"},"datePublished":"2024-04-26T13:26:38+00:00","dateModified":"2025-10-13T13:41:46+00:00","description":"BDN1, le Blanc de Noir BDN1 2023 \u2013 Ch\u00e2teau de Chaintres\u00a0: un blanc de noirs 100\u202f% Cabernet\u2011Franc fruit\u00e9 et rafra\u00eechissant. Vin de France id\u00e9al pour l\u2019\u00e9t\u00e9.","breadcrumb":{"@id":"https:\/\/chaintres.fr\/product\/bdn1-2023\/#breadcrumb"},"inLanguage":"en-US","potentialAction":[{"@type":"ReadAction","target":["https:\/\/chaintres.fr\/product\/bdn1-2023\/"]}]},{"@type":"BreadcrumbList","@id":"https:\/\/chaintres.fr\/product\/bdn1-2023\/#breadcrumb","itemListElement":[{"@type":"ListItem","position":1,"name":"Home","item":"https:\/\/chaintres.fr\/"},{"@type":"ListItem","position":2,"name":"Boutique","item":"https:\/\/chaintres.fr\/boutique\/"},{"@type":"ListItem","position":3,"name":"BDN1 2023"}]},{"@type":"WebSite","@id":"https:\/\/chaintres.fr\/#website","url":"https:\/\/chaintres.fr\/","name":"Chateau de Chaintres","description":"Saumur Champigny","publisher":{"@id":"https:\/\/chaintres.fr\/#organization"},"potentialAction":[{"@type":"SearchAction","target":{"@type":"EntryPoint","urlTemplate":"https:\/\/chaintres.fr\/?s={search_term_string}"},"query-input":"required name=search_term_string"}],"inLanguage":"en-US"},{"@type":"Organization","@id":"https:\/\/chaintres.fr\/#organization","name":"Chateau de Chaintres","url":"https:\/\/chaintres.fr\/","logo":{"@type":"ImageObject","inLanguage":"en-US","@id":"https:\/\/chaintres.fr\/#\/schema\/logo\/image\/","url":"https:\/\/chaintres.fr\/wp-content\/uploads\/2020\/10\/site-logo_header.png","contentUrl":"https:\/\/chaintres.fr\/wp-content\/uploads\/2020\/10\/site-logo_header.png","width":1167,"height":250,"caption":"Chateau de Chaintres"},"image":{"@id":"https:\/\/chaintres.fr\/#\/schema\/logo\/image\/"},"sameAs":["https:\/\/www.facebook.com\/Ch\u00e2teau-de-Chaintres-233665606700511\/","https:\/\/twitter.com\/chaintres","https:\/\/www.instagram.com\/chateau_de_chaintres\/"]}]}},"_links":{"self":[{"href":"https:\/\/chaintres.fr\/en\/wp-json\/wp\/v2\/product\/1002644","targetHints":{"allow":["GET"]}}],"collection":[{"href":"https:\/\/chaintres.fr\/en\/wp-json\/wp\/v2\/product"}],"about":[{"href":"https:\/\/chaintres.fr\/en\/wp-json\/wp\/v2\/types\/product"}],"replies":[{"embeddable":true,"href":"https:\/\/chaintres.fr\/en\/wp-json\/wp\/v2\/comments?post=1002644"}],"wp:featuredmedia":[{"embeddable":true,"href":"https:\/\/chaintres.fr\/en\/wp-json\/wp\/v2\/media\/1002652"}],"wp:attachment":[{"href":"https:\/\/chaintres.fr\/en\/wp-json\/wp\/v2\/media?parent=1002644"}],"wp:term":[{"taxonomy":"product_cat","embeddable":true,"href":"https:\/\/chaintres.fr\/en\/wp-json\/wp\/v2\/product_cat?post=1002644"},{"taxonomy":"product_tag","embeddable":true,"href":"https:\/\/chaintres.fr\/en\/wp-json\/wp\/v2\/product_tag?post=1002644"}],"curies":[{"name":"wp","href":"https:\/\/api.w.org\/{rel}","templated":true}]}}