{"id":1002489,"date":"2023-07-07T13:13:38","date_gmt":"2023-07-07T12:13:38","guid":{"rendered":"https:\/\/chaintres.fr\/?post_type=product&#038;p=1002489"},"modified":"2024-11-18T18:36:00","modified_gmt":"2024-11-18T17:36:00","slug":"les-ellettes-2023","status":"publish","type":"product","link":"https:\/\/chaintres.fr\/en\/product\/les-ellettes-2023\/","title":{"rendered":"Les Ellettes 2023"},"content":{"rendered":"<p><a href=\"https:\/\/chaintres.fr\/wp-content\/uploads\/2023\/07\/LES-ELLETTES-2022-1.pdf\">Les Ellettes 2022 FT<\/a><\/p>","protected":false},"excerpt":{"rendered":"<p><img fetchpriority=\"high\" decoding=\"async\" class=\"alignnone size-medium wp-image-1002490\" src=\"https:\/\/chaintres.fr\/wp-content\/uploads\/2023\/07\/oN3Eg2qb8zQ-300x210.png\" alt=\"\" width=\"300\" height=\"210\" \/>Vin certifi\u00e9 biodynamique par Demeter et Biodyvin<\/p>\n<p>&nbsp;<\/p>\n<p>BRONZE MEDAL AT 2024 DECANTER WORLD WINE AWARDS<\/p>\n<p>Vendange manuelle avec tri \u00e0 la vigne et \u00e0 la r\u00e9ception. Enti\u00e8rement \u00e9grapp\u00e9 et ferment\u00e9 en acier inoxydable sur les peaux pendant 6 jours. Press\u00e9 avec s\u00e9paration du jus de goutte. Le vin est vieilli en inox pendant 6 mois avant d&rsquo;\u00eatre mis en bouteille avec un minimum de SO2.<\/p>\n<p><strong>Robe:<\/strong>\u00a0grenat aux reflets violines<br \/>\n<strong>Nez:<\/strong> fruits rouges frais<br \/>\n<strong>Bouche:<\/strong> attaque fruit\u00e9e et gouleyante, la bouche est fra\u00eeche et l\u00e9g\u00e8re<br \/>\n<strong>Accord mets vins:<\/strong> l&rsquo;incontournable poulet du dimanche et ses pommes de terre r\u00f4ties<\/p>","protected":false},"featured_media":1002520,"comment_status":"open","ping_status":"closed","template":"","meta":{"_vp_format_video_url":"","_vp_image_focal_point":[]},"product_cat":[28],"product_tag":[],"class_list":{"0":"post-1002489","1":"product","2":"type-product","3":"status-publish","4":"has-post-thumbnail","6":"product_cat-saumur-champigny","8":"entry","9":"has-media","11":"first","12":"instock","13":"taxable","14":"shipping-taxable","15":"purchasable","16":"product-type-simple","17":"has-product-nav","18":"col","19":"span_1_of_3","20":"owp-content-center","21":"owp-thumbs-layout-horizontal","22":"owp-btn-normal","23":"owp-tabs-layout-horizontal","24":"has-no-thumbnails"},"yoast_head":"<!-- This site is optimized with the Yoast SEO plugin v21.8 - https:\/\/yoast.com\/wordpress\/plugins\/seo\/ -->\n<title>Les Ellettes 2023 - Chateau de Chaintres<\/title>\n<meta name=\"robots\" content=\"index, follow, max-snippet:-1, max-image-preview:large, max-video-preview:-1\" \/>\n<link rel=\"canonical\" href=\"https:\/\/chaintres.fr\/en\/product\/les-ellettes-2023\/\" \/>\n<meta property=\"og:locale\" content=\"en_US\" \/>\n<meta property=\"og:type\" content=\"article\" \/>\n<meta property=\"og:title\" content=\"Les Ellettes 2023 - Chateau de Chaintres\" \/>\n<meta property=\"og:description\" content=\"Vin certifi\u00e9 biodynamique par Demeter et Biodyvin  &nbsp;  BRONZE MEDAL AT 2024 DECANTER WORLD WINE AWARDS  Vendange manuelle avec tri \u00e0 la vigne et \u00e0 la r\u00e9ception. Enti\u00e8rement \u00e9grapp\u00e9 et ferment\u00e9 en acier inoxydable sur les peaux pendant 6 jours. Press\u00e9 avec s\u00e9paration du jus de goutte. Le vin est vieilli en inox pendant 6 mois avant d&#039;\u00eatre mis en bouteille avec un minimum de SO2.  Robe:\u00a0grenat aux reflets violines Nez: fruits rouges frais Bouche: attaque fruit\u00e9e et gouleyante, la bouche est fra\u00eeche et l\u00e9g\u00e8re Accord mets vins: l&#039;incontournable poulet du dimanche et ses pommes de terre r\u00f4ties\" \/>\n<meta property=\"og:url\" content=\"https:\/\/chaintres.fr\/en\/product\/les-ellettes-2023\/\" \/>\n<meta property=\"og:site_name\" content=\"Chateau de Chaintres\" \/>\n<meta property=\"article:publisher\" content=\"https:\/\/www.facebook.com\/Ch%c3%a2teau-de-Chaintres-233665606700511\/\" \/>\n<meta property=\"article:modified_time\" content=\"2024-11-18T17:36:00+00:00\" \/>\n<meta property=\"og:image\" content=\"https:\/\/chaintres.fr\/wp-content\/uploads\/2023\/07\/ellettes.jpg\" \/>\n\t<meta property=\"og:image:width\" content=\"139\" \/>\n\t<meta property=\"og:image:height\" content=\"500\" \/>\n\t<meta property=\"og:image:type\" content=\"image\/jpeg\" \/>\n<meta name=\"twitter:card\" content=\"summary_large_image\" \/>\n<meta name=\"twitter:site\" content=\"@chaintres\" \/>\n<meta name=\"twitter:label1\" content=\"Est. reading time\" \/>\n\t<meta name=\"twitter:data1\" content=\"1 minute\" \/>\n<script type=\"application\/ld+json\" class=\"yoast-schema-graph\">{\"@context\":\"https:\/\/schema.org\",\"@graph\":[{\"@type\":\"WebPage\",\"@id\":\"https:\/\/chaintres.fr\/product\/les-ellettes-2023\/\",\"url\":\"https:\/\/chaintres.fr\/product\/les-ellettes-2023\/\",\"name\":\"Les Ellettes 2023 - Chateau de Chaintres\",\"isPartOf\":{\"@id\":\"https:\/\/chaintres.fr\/#website\"},\"datePublished\":\"2023-07-07T12:13:38+00:00\",\"dateModified\":\"2024-11-18T17:36:00+00:00\",\"breadcrumb\":{\"@id\":\"https:\/\/chaintres.fr\/product\/les-ellettes-2023\/#breadcrumb\"},\"inLanguage\":\"en-US\",\"potentialAction\":[{\"@type\":\"ReadAction\",\"target\":[\"https:\/\/chaintres.fr\/product\/les-ellettes-2023\/\"]}]},{\"@type\":\"BreadcrumbList\",\"@id\":\"https:\/\/chaintres.fr\/product\/les-ellettes-2023\/#breadcrumb\",\"itemListElement\":[{\"@type\":\"ListItem\",\"position\":1,\"name\":\"Home\",\"item\":\"https:\/\/chaintres.fr\/\"},{\"@type\":\"ListItem\",\"position\":2,\"name\":\"Boutique\",\"item\":\"https:\/\/chaintres.fr\/boutique\/\"},{\"@type\":\"ListItem\",\"position\":3,\"name\":\"Les Ellettes 2023\"}]},{\"@type\":\"WebSite\",\"@id\":\"https:\/\/chaintres.fr\/#website\",\"url\":\"https:\/\/chaintres.fr\/\",\"name\":\"Chateau de Chaintres\",\"description\":\"Saumur Champigny\",\"publisher\":{\"@id\":\"https:\/\/chaintres.fr\/#organization\"},\"potentialAction\":[{\"@type\":\"SearchAction\",\"target\":{\"@type\":\"EntryPoint\",\"urlTemplate\":\"https:\/\/chaintres.fr\/?s={search_term_string}\"},\"query-input\":\"required name=search_term_string\"}],\"inLanguage\":\"en-US\"},{\"@type\":\"Organization\",\"@id\":\"https:\/\/chaintres.fr\/#organization\",\"name\":\"Chateau de Chaintres\",\"url\":\"https:\/\/chaintres.fr\/\",\"logo\":{\"@type\":\"ImageObject\",\"inLanguage\":\"en-US\",\"@id\":\"https:\/\/chaintres.fr\/#\/schema\/logo\/image\/\",\"url\":\"https:\/\/chaintres.fr\/wp-content\/uploads\/2020\/10\/site-logo_header.png\",\"contentUrl\":\"https:\/\/chaintres.fr\/wp-content\/uploads\/2020\/10\/site-logo_header.png\",\"width\":1167,\"height\":250,\"caption\":\"Chateau de Chaintres\"},\"image\":{\"@id\":\"https:\/\/chaintres.fr\/#\/schema\/logo\/image\/\"},\"sameAs\":[\"https:\/\/www.facebook.com\/Ch\u00e2teau-de-Chaintres-233665606700511\/\",\"https:\/\/twitter.com\/chaintres\",\"https:\/\/www.instagram.com\/chateau_de_chaintres\/\"]}]}<\/script>\n<!-- \/ Yoast SEO plugin. -->","yoast_head_json":{"title":"Les Ellettes 2023 - Chateau de Chaintres","robots":{"index":"index","follow":"follow","max-snippet":"max-snippet:-1","max-image-preview":"max-image-preview:large","max-video-preview":"max-video-preview:-1"},"canonical":"https:\/\/chaintres.fr\/en\/product\/les-ellettes-2023\/","og_locale":"en_US","og_type":"article","og_title":"Les Ellettes 2023 - Chateau de Chaintres","og_description":"Vin certifi\u00e9 biodynamique par Demeter et Biodyvin  &nbsp;  BRONZE MEDAL AT 2024 DECANTER WORLD WINE AWARDS  Vendange manuelle avec tri \u00e0 la vigne et \u00e0 la r\u00e9ception. Enti\u00e8rement \u00e9grapp\u00e9 et ferment\u00e9 en acier inoxydable sur les peaux pendant 6 jours. Press\u00e9 avec s\u00e9paration du jus de goutte. Le vin est vieilli en inox pendant 6 mois avant d'\u00eatre mis en bouteille avec un minimum de SO2.  Robe:\u00a0grenat aux reflets violines Nez: fruits rouges frais Bouche: attaque fruit\u00e9e et gouleyante, la bouche est fra\u00eeche et l\u00e9g\u00e8re Accord mets vins: l'incontournable poulet du dimanche et ses pommes de terre r\u00f4ties","og_url":"https:\/\/chaintres.fr\/en\/product\/les-ellettes-2023\/","og_site_name":"Chateau de Chaintres","article_publisher":"https:\/\/www.facebook.com\/Ch%c3%a2teau-de-Chaintres-233665606700511\/","article_modified_time":"2024-11-18T17:36:00+00:00","og_image":[{"width":139,"height":500,"url":"https:\/\/chaintres.fr\/wp-content\/uploads\/2023\/07\/ellettes.jpg","type":"image\/jpeg"}],"twitter_card":"summary_large_image","twitter_site":"@chaintres","twitter_misc":{"Est. reading time":"1 minute"},"schema":{"@context":"https:\/\/schema.org","@graph":[{"@type":"WebPage","@id":"https:\/\/chaintres.fr\/product\/les-ellettes-2023\/","url":"https:\/\/chaintres.fr\/product\/les-ellettes-2023\/","name":"Les Ellettes 2023 - Chateau de Chaintres","isPartOf":{"@id":"https:\/\/chaintres.fr\/#website"},"datePublished":"2023-07-07T12:13:38+00:00","dateModified":"2024-11-18T17:36:00+00:00","breadcrumb":{"@id":"https:\/\/chaintres.fr\/product\/les-ellettes-2023\/#breadcrumb"},"inLanguage":"en-US","potentialAction":[{"@type":"ReadAction","target":["https:\/\/chaintres.fr\/product\/les-ellettes-2023\/"]}]},{"@type":"BreadcrumbList","@id":"https:\/\/chaintres.fr\/product\/les-ellettes-2023\/#breadcrumb","itemListElement":[{"@type":"ListItem","position":1,"name":"Home","item":"https:\/\/chaintres.fr\/"},{"@type":"ListItem","position":2,"name":"Boutique","item":"https:\/\/chaintres.fr\/boutique\/"},{"@type":"ListItem","position":3,"name":"Les Ellettes 2023"}]},{"@type":"WebSite","@id":"https:\/\/chaintres.fr\/#website","url":"https:\/\/chaintres.fr\/","name":"Chateau de Chaintres","description":"Saumur Champigny","publisher":{"@id":"https:\/\/chaintres.fr\/#organization"},"potentialAction":[{"@type":"SearchAction","target":{"@type":"EntryPoint","urlTemplate":"https:\/\/chaintres.fr\/?s={search_term_string}"},"query-input":"required name=search_term_string"}],"inLanguage":"en-US"},{"@type":"Organization","@id":"https:\/\/chaintres.fr\/#organization","name":"Chateau de Chaintres","url":"https:\/\/chaintres.fr\/","logo":{"@type":"ImageObject","inLanguage":"en-US","@id":"https:\/\/chaintres.fr\/#\/schema\/logo\/image\/","url":"https:\/\/chaintres.fr\/wp-content\/uploads\/2020\/10\/site-logo_header.png","contentUrl":"https:\/\/chaintres.fr\/wp-content\/uploads\/2020\/10\/site-logo_header.png","width":1167,"height":250,"caption":"Chateau de Chaintres"},"image":{"@id":"https:\/\/chaintres.fr\/#\/schema\/logo\/image\/"},"sameAs":["https:\/\/www.facebook.com\/Ch\u00e2teau-de-Chaintres-233665606700511\/","https:\/\/twitter.com\/chaintres","https:\/\/www.instagram.com\/chateau_de_chaintres\/"]}]}},"_links":{"self":[{"href":"https:\/\/chaintres.fr\/en\/wp-json\/wp\/v2\/product\/1002489","targetHints":{"allow":["GET"]}}],"collection":[{"href":"https:\/\/chaintres.fr\/en\/wp-json\/wp\/v2\/product"}],"about":[{"href":"https:\/\/chaintres.fr\/en\/wp-json\/wp\/v2\/types\/product"}],"replies":[{"embeddable":true,"href":"https:\/\/chaintres.fr\/en\/wp-json\/wp\/v2\/comments?post=1002489"}],"wp:featuredmedia":[{"embeddable":true,"href":"https:\/\/chaintres.fr\/en\/wp-json\/wp\/v2\/media\/1002520"}],"wp:attachment":[{"href":"https:\/\/chaintres.fr\/en\/wp-json\/wp\/v2\/media?parent=1002489"}],"wp:term":[{"taxonomy":"product_cat","embeddable":true,"href":"https:\/\/chaintres.fr\/en\/wp-json\/wp\/v2\/product_cat?post=1002489"},{"taxonomy":"product_tag","embeddable":true,"href":"https:\/\/chaintres.fr\/en\/wp-json\/wp\/v2\/product_tag?post=1002489"}],"curies":[{"name":"wp","href":"https:\/\/api.w.org\/{rel}","templated":true}]}}